{"id":19867,"date":"2025-01-16T12:01:57","date_gmt":"2025-01-16T11:01:57","guid":{"rendered":"http:\/\/test.pironihotel.it\/listini\/"},"modified":"2025-05-06T09:22:20","modified_gmt":"2025-05-06T07:22:20","slug":"preisliste","status":"publish","type":"page","link":"https:\/\/www.pironihotel.it\/de\/preisliste\/","title":{"rendered":"Preisliste"},"content":{"rendered":"\t\t<div data-elementor-type=\"wp-page\" data-elementor-id=\"19867\" class=\"elementor elementor-19867 elementor-17682\">\n\t\t\t\t\t\t<section class=\"elementor-section elementor-top-section elementor-element elementor-element-7093f4d elementor-section-boxed elementor-section-height-default elementor-section-height-default wpr-particle-no wpr-jarallax-no wpr-parallax-no wpr-sticky-section-no qodef-elementor-content-no\" data-id=\"7093f4d\" data-element_type=\"section\">\n\t\t\t\t\t\t<div class=\"elementor-container elementor-column-gap-default\">\n\t\t\t\t\t<div class=\"elementor-column elementor-col-100 elementor-top-column elementor-element elementor-element-c710fcc\" data-id=\"c710fcc\" data-element_type=\"column\">\n\t\t\t<div class=\"elementor-widget-wrap elementor-element-populated\">\n\t\t\t\t\t\t<div class=\"elementor-element elementor-element-9fc19c9 elementor-widget elementor-widget-reina_core_section_title\" data-id=\"9fc19c9\" data-element_type=\"widget\" data-widget_type=\"reina_core_section_title.default\">\n\t\t\t\t<div class=\"elementor-widget-container\">\n\t\t\t\t\t<div class=\"qodef-shortcode qodef-m qodef-section-title\">\n\t<div class=\"qodef-m-heading\">\n\t\t\t\t\t<h4 class=\"qodef-m-title\" >\n\t\t\t\t\tNEBENSAISON\t\t\t<\/h4>\n\t<\/div>\n\t\t<p class=\"qodef-m-text\" style=\"margin-top: 10px\">Preise g\u00fcltig vom 15.03 bis 18.04 und vom 21.09 bis 09.11<\/p>\n\t<\/div>\t\t\t\t<\/div>\n\t\t\t\t<\/div>\n\t\t\t\t<section class=\"elementor-section elementor-inner-section elementor-element elementor-element-99ad638 elementor-section-full_width elementor-section-height-default elementor-section-height-default wpr-particle-no wpr-jarallax-no wpr-parallax-no wpr-sticky-section-no qodef-elementor-content-no\" data-id=\"99ad638\" data-element_type=\"section\" data-settings=\"{&quot;background_background&quot;:&quot;classic&quot;}\">\n\t\t\t\t\t\t<div class=\"elementor-container elementor-column-gap-default\">\n\t\t\t\t\t<div class=\"elementor-column elementor-col-50 elementor-inner-column elementor-element elementor-element-e8dc113\" data-id=\"e8dc113\" data-element_type=\"column\">\n\t\t\t<div class=\"elementor-widget-wrap elementor-element-populated\">\n\t\t\t\t\t\t<div class=\"elementor-element elementor-element-8fceec1 elementor-widget elementor-widget-reina_core_pricing_table\" data-id=\"8fceec1\" data-element_type=\"widget\" data-widget_type=\"reina_core_pricing_table.default\">\n\t\t\t\t<div class=\"elementor-widget-container\">\n\t\t\t\t\t<div class=\"qodef-shortcode qodef-m qodef-pricing-table qodef-layout--standard qodef-status--regular\" style=\"background-color: #DAD5CF;border-color: #DAD5CF\">\n\t<div class=\"qodef-m-inner\">\n\t\t\t\t\t<h4 class=\"qodef-m-title\" style=\"color: #77695C\">Doppelzimmer<\/h4>\n\t\t\t<div class=\"qodef-m-price\">\n\t\t<span class=\"qodef-m-price-value qodef-h1\" style=\"color: #A67958\">\n\t\t\t\t\t\t\t<span class=\"qodef-m-price-currency\">\u20ac <\/span>\n\t\t\t\t\t\t<span class=\"qodef-m-price-value-label\">170-220<\/span>\n\t\t<\/span>\n\t\t\t<\/div>\n\t\t\t<div class=\"qodef-m-content\"><p>Preise pro Zimmer\/Nacht (2 Personen)<\/p><p>inklusive Fr\u00fchst\u00fcckbuffet<\/p><\/div>\n\t\t\t<div class=\"qodef-m-button clear\">\n\t\t<a class=\"qodef-shortcode qodef-m qodef-button qodef-layout--filled qodef-size--large qodef-html--link\" href=\"https:\/\/booking.ericsoft.com\/BookingEngine\/Book?idh=50C782440CCA60AE\" target=\"_self\"  style=\"color: #77695C;background-color: #FFFFFF;margin: 43px 0px 13px 0px\">\t<span class=\"qodef-m-text\">Jetzt buchen<\/span>\t<span class=\"qodef-m-background\" style=\"color: #B5ACA1\"><\/span><\/a>\t<\/div>\n\t<\/div>\n<\/div>\t\t\t\t<\/div>\n\t\t\t\t<\/div>\n\t\t\t\t\t<\/div>\n\t\t<\/div>\n\t\t\t\t<div class=\"elementor-column elementor-col-50 elementor-inner-column elementor-element elementor-element-0bcf14f\" data-id=\"0bcf14f\" data-element_type=\"column\">\n\t\t\t<div class=\"elementor-widget-wrap elementor-element-populated\">\n\t\t\t\t\t\t<div class=\"elementor-element elementor-element-82c56c1 elementor-widget elementor-widget-reina_core_pricing_table\" data-id=\"82c56c1\" data-element_type=\"widget\" data-widget_type=\"reina_core_pricing_table.default\">\n\t\t\t\t<div class=\"elementor-widget-container\">\n\t\t\t\t\t<div class=\"qodef-shortcode qodef-m qodef-pricing-table qodef-layout--standard qodef-status--regular\" style=\"background-color: #DAD5CF50;border-color: #B5ACA1\">\n\t<div class=\"qodef-m-inner\">\n\t\t\t\t\t<h4 class=\"qodef-m-title\" style=\"color: #77695C\">Einzelzimmer<\/h4>\n\t\t\t<div class=\"qodef-m-price\">\n\t\t<span class=\"qodef-m-price-value qodef-h1\" style=\"color: #A67958\">\n\t\t\t\t\t\t\t<span class=\"qodef-m-price-currency\">\u20ac<\/span>\n\t\t\t\t\t\t<span class=\"qodef-m-price-value-label\">120-130<\/span>\n\t\t<\/span>\n\t\t\t<\/div>\n\t\t\t<div class=\"qodef-m-content\"><p>Preise pro Zimmer\/Nacht (1 Person)<\/p><p>inklusive Fr\u00fchst\u00fcckbuffet<\/p><\/div>\n\t\t\t<div class=\"qodef-m-button clear\">\n\t\t<a class=\"qodef-shortcode qodef-m qodef-button qodef-layout--filled qodef-size--large qodef-html--link\" href=\"https:\/\/booking.ericsoft.com\/BookingEngine\/Book?idh=50C782440CCA60AE\" target=\"_self\"  style=\"color: #FFFFFF;background-color: #B5ACA1;margin: 43px 0px 13px 0px\">\t<span class=\"qodef-m-text\">Jetzt buchen<\/span>\t<span class=\"qodef-m-background\" style=\"color: #77695C\"><\/span><\/a>\t<\/div>\n\t<\/div>\n<\/div>\t\t\t\t<\/div>\n\t\t\t\t<\/div>\n\t\t\t\t\t<\/div>\n\t\t<\/div>\n\t\t\t\t\t<\/div>\n\t\t<\/section>\n\t\t\t\t<div class=\"elementor-element elementor-element-ec174ac elementor-widget elementor-widget-reina_core_section_title\" data-id=\"ec174ac\" data-element_type=\"widget\" data-widget_type=\"reina_core_section_title.default\">\n\t\t\t\t<div class=\"elementor-widget-container\">\n\t\t\t\t\t<div class=\"qodef-shortcode qodef-m qodef-section-title\">\n\t<div class=\"qodef-m-heading\">\n\t\t\t\t\t<h4 class=\"qodef-m-title\" >\n\t\t\t\t\tHOCHSAISON\t\t\t<\/h4>\n\t<\/div>\n\t\t<p class=\"qodef-m-text\" style=\"margin-top: 10px\">Preise g\u00fcltig vom 18.04 bis 21.09<\/p>\n\t<\/div>\t\t\t\t<\/div>\n\t\t\t\t<\/div>\n\t\t\t\t<section class=\"elementor-section elementor-inner-section elementor-element elementor-element-a321e21 elementor-section-full_width elementor-section-height-default elementor-section-height-default wpr-particle-no wpr-jarallax-no wpr-parallax-no wpr-sticky-section-no qodef-elementor-content-no\" data-id=\"a321e21\" data-element_type=\"section\" data-settings=\"{&quot;background_background&quot;:&quot;classic&quot;}\">\n\t\t\t\t\t\t<div class=\"elementor-container elementor-column-gap-default\">\n\t\t\t\t\t<div class=\"elementor-column elementor-col-50 elementor-inner-column elementor-element elementor-element-f620fb8\" data-id=\"f620fb8\" data-element_type=\"column\">\n\t\t\t<div class=\"elementor-widget-wrap elementor-element-populated\">\n\t\t\t\t\t\t<div class=\"elementor-element elementor-element-01fd3b8 elementor-widget elementor-widget-reina_core_pricing_table\" data-id=\"01fd3b8\" data-element_type=\"widget\" data-widget_type=\"reina_core_pricing_table.default\">\n\t\t\t\t<div class=\"elementor-widget-container\">\n\t\t\t\t\t<div class=\"qodef-shortcode qodef-m qodef-pricing-table qodef-layout--standard qodef-status--regular\" style=\"background-color: #DAD5CF50;border-color: #B5ACA1\">\n\t<div class=\"qodef-m-inner\">\n\t\t\t\t\t<h4 class=\"qodef-m-title\" style=\"color: #77695C\">Doppelzimmer<\/h4>\n\t\t\t<div class=\"qodef-m-price\">\n\t\t<span class=\"qodef-m-price-value qodef-h1\" style=\"color: #A67958\">\n\t\t\t\t\t\t\t<span class=\"qodef-m-price-currency\">\u20ac<\/span>\n\t\t\t\t\t\t<span class=\"qodef-m-price-value-label\">180-240<\/span>\n\t\t<\/span>\n\t\t\t<\/div>\n\t\t\t<div class=\"qodef-m-content\"><p>Preise pro Zimmer\/Nacht (2 Personen)<\/p><p>inklusive Fr\u00fchst\u00fcckbuffet<\/p><\/div>\n\t\t\t<div class=\"qodef-m-button clear\">\n\t\t<a class=\"qodef-shortcode qodef-m qodef-button qodef-layout--filled qodef-size--large qodef-html--link\" href=\"https:\/\/booking.ericsoft.com\/BookingEngine\/Book?idh=50C782440CCA60AE\" target=\"_self\"  style=\"color: #FFFFFF;background-color: #B5ACA1;margin: 43px 0px 13px 0px\">\t<span class=\"qodef-m-text\">Jetzt buchen<\/span>\t<span class=\"qodef-m-background\" style=\"color: #77695C\"><\/span><\/a>\t<\/div>\n\t<\/div>\n<\/div>\t\t\t\t<\/div>\n\t\t\t\t<\/div>\n\t\t\t\t\t<\/div>\n\t\t<\/div>\n\t\t\t\t<div class=\"elementor-column elementor-col-50 elementor-inner-column elementor-element elementor-element-0291bdb\" data-id=\"0291bdb\" data-element_type=\"column\">\n\t\t\t<div class=\"elementor-widget-wrap elementor-element-populated\">\n\t\t\t\t\t\t<div class=\"elementor-element elementor-element-3a20559 elementor-widget elementor-widget-reina_core_pricing_table\" data-id=\"3a20559\" data-element_type=\"widget\" data-widget_type=\"reina_core_pricing_table.default\">\n\t\t\t\t<div class=\"elementor-widget-container\">\n\t\t\t\t\t<div class=\"qodef-shortcode qodef-m qodef-pricing-table qodef-layout--standard qodef-status--regular\" style=\"background-color: #DAD5CF;border-color: #DAD5CF\">\n\t<div class=\"qodef-m-inner\">\n\t\t\t\t\t<h4 class=\"qodef-m-title\" style=\"color: #77695C\">Einzelzimmer<\/h4>\n\t\t\t<div class=\"qodef-m-price\">\n\t\t<span class=\"qodef-m-price-value qodef-h1\" style=\"color: #A67958\">\n\t\t\t\t\t\t\t<span class=\"qodef-m-price-currency\">\u20ac <\/span>\n\t\t\t\t\t\t<span class=\"qodef-m-price-value-label\">130-150<\/span>\n\t\t<\/span>\n\t\t\t<\/div>\n\t\t\t<div class=\"qodef-m-content\"><p>Preise pro Zimmer\/Nacht (1 Person)<\/p><p>inklusive Fr\u00fchst\u00fcckbuffet<\/p><\/div>\n\t\t\t<div class=\"qodef-m-button clear\">\n\t\t<a class=\"qodef-shortcode qodef-m qodef-button qodef-layout--filled qodef-size--large qodef-html--link\" href=\"https:\/\/booking.ericsoft.com\/BookingEngine\/Book?idh=50C782440CCA60AE\" target=\"_self\"  style=\"color: #77695C;background-color: #FFFFFF;margin: 43px 0px 13px 0px\">\t<span class=\"qodef-m-text\">Jetzt buchen<\/span>\t<span class=\"qodef-m-background\" style=\"color: #B5ACA1\"><\/span><\/a>\t<\/div>\n\t<\/div>\n<\/div>\t\t\t\t<\/div>\n\t\t\t\t<\/div>\n\t\t\t\t\t<\/div>\n\t\t<\/div>\n\t\t\t\t\t<\/div>\n\t\t<\/section>\n\t\t\t\t<div class=\"elementor-element elementor-element-ba97485 elementor-widget elementor-widget-text-editor\" data-id=\"ba97485\" data-element_type=\"widget\" data-widget_type=\"text-editor.default\">\n\t\t\t\t<div class=\"elementor-widget-container\">\n\t\t\t\t\t\t\t\t\t<p><strong>Zusatzbett:<\/strong> \u20ac 40<\/p><p><em>Kurtaxe von EUR 1,50 pro Person\/Nacht nicht im Zimmerpreis inbegriffen<\/em><\/p><p><strong>Das Hotel ist von M\u00e4rz bis November ge\u00f6ffnet<\/strong><\/p><ul><li>Kostenloser Privatparkplatz, Garage \u20ac 15,00 pro Nacht und Auto<\/li><li>Check-in ist von 15:00 bis 19:30 Uhr m\u00f6glich. Bei sp\u00e4terer Ankunft bitte rufen Sie uns an<\/li><li>Haustiere sind nicht gestattet<\/li><li>W-LAN und Fahrr\u00e4der sind kostenlos<\/li><\/ul>\t\t\t\t\t\t\t\t<\/div>\n\t\t\t\t<\/div>\n\t\t\t\t\t<\/div>\n\t\t<\/div>\n\t\t\t\t\t<\/div>\n\t\t<\/section>\n\t\t\t\t<section class=\"elementor-section elementor-top-section elementor-element elementor-element-d674fed elementor-section-full_width elementor-section-height-default elementor-section-height-default wpr-particle-no wpr-jarallax-no wpr-parallax-no wpr-sticky-section-no qodef-elementor-content-no\" data-id=\"d674fed\" data-element_type=\"section\">\n\t\t\t\t\t\t<div class=\"elementor-container elementor-column-gap-default\">\n\t\t\t\t\t<div class=\"elementor-column elementor-col-100 elementor-top-column elementor-element elementor-element-7a0014a\" data-id=\"7a0014a\" data-element_type=\"column\">\n\t\t\t<div class=\"elementor-widget-wrap elementor-element-populated\">\n\t\t\t\t\t\t<section class=\"elementor-section elementor-inner-section elementor-element elementor-element-2b127c2 qodef-elementor-content-grid elementor-section-full_width elementor-section-height-default elementor-section-height-default wpr-particle-no wpr-jarallax-no wpr-parallax-no wpr-sticky-section-no\" data-id=\"2b127c2\" data-element_type=\"section\" data-settings=\"{&quot;background_background&quot;:&quot;classic&quot;}\">\n\t\t\t\t\t\t<div class=\"elementor-container elementor-column-gap-default\">\n\t\t\t\t\t<div class=\"elementor-column elementor-col-50 elementor-inner-column elementor-element elementor-element-fe2e32a\" data-id=\"fe2e32a\" data-element_type=\"column\" data-settings=\"{&quot;background_background&quot;:&quot;classic&quot;}\">\n\t\t\t<div class=\"elementor-widget-wrap elementor-element-populated\">\n\t\t\t\t\t\t<div class=\"elementor-element elementor-element-c9531e5 elementor-widget elementor-widget-image\" data-id=\"c9531e5\" data-element_type=\"widget\" data-widget_type=\"image.default\">\n\t\t\t\t<div class=\"elementor-widget-container\">\n\t\t\t\t\t\t\t\t\t\t\t\t\t\t\t<img fetchpriority=\"high\" decoding=\"async\" width=\"1101\" height=\"1171\" src=\"https:\/\/www.pironihotel.it\/wp-content\/uploads\/2025\/01\/buono-regalo-HOTEL-PIRONI.png\" class=\"attachment-full size-full wp-image-19449\" alt=\"Buono soggiorno presso Pironi Hotel Cannobio\" srcset=\"https:\/\/www.pironihotel.it\/wp-content\/uploads\/2025\/01\/buono-regalo-HOTEL-PIRONI.png 1101w, https:\/\/www.pironihotel.it\/wp-content\/uploads\/2025\/01\/buono-regalo-HOTEL-PIRONI-282x300.png 282w, https:\/\/www.pironihotel.it\/wp-content\/uploads\/2025\/01\/buono-regalo-HOTEL-PIRONI-963x1024.png 963w, https:\/\/www.pironihotel.it\/wp-content\/uploads\/2025\/01\/buono-regalo-HOTEL-PIRONI-768x817.png 768w, https:\/\/www.pironihotel.it\/wp-content\/uploads\/2025\/01\/buono-regalo-HOTEL-PIRONI-600x638.png 600w\" sizes=\"(max-width: 1101px) 100vw, 1101px\" \/>\t\t\t\t\t\t\t\t\t\t\t\t\t\t\t<\/div>\n\t\t\t\t<\/div>\n\t\t\t\t\t<\/div>\n\t\t<\/div>\n\t\t\t\t<div class=\"elementor-column elementor-col-50 elementor-inner-column elementor-element elementor-element-78af372\" data-id=\"78af372\" data-element_type=\"column\" data-settings=\"{&quot;background_background&quot;:&quot;classic&quot;}\">\n\t\t\t<div class=\"elementor-widget-wrap elementor-element-populated\">\n\t\t\t\t\t\t<div class=\"elementor-element elementor-element-8303b9e elementor-widget__width-initial elementor-widget elementor-widget-reina_core_section_title\" data-id=\"8303b9e\" data-element_type=\"widget\" data-widget_type=\"reina_core_section_title.default\">\n\t\t\t\t<div class=\"elementor-widget-container\">\n\t\t\t\t\t<div class=\"qodef-shortcode qodef-m qodef-section-title\">\n\t<div class=\"qodef-m-heading\">\n\t\t\t\t\t<h2 class=\"qodef-m-title\" >\n\t\t\t\t\t<a itemprop=\"url\" href=\"#\" target=\"_self\">\n\t\t\t\t\tVerschenken Sie ein einzigartiges Erlebnis\t\t\t\t\t<\/a>\n\t\t\t<\/h2>\n\t<\/div>\n\t\t<p class=\"qodef-m-text\" style=\"margin-top: 17px;color: #7A7A7A\">Verschenken Sie ein einzigartiges Erlebnis in einem Hotel voller Geschichte und Charme, im Herzen der Altstadt von Cannobio. \u00dcberraschen Sie eine besondere Person mit einem unvergesslichen Aufenthalt in einer zeitlosen Atmosph\u00e4re. Unser Geschenkgutschein, inklusive \u00dcbernachtung und Fr\u00fchst\u00fcck, ist die perfekte Wahl, um einen Geburtstag, ein Jubil\u00e4um oder einfach einen Moment der Entspannung am Lago Maggiore zu feiern.<\/p>\n\t\t<div class=\"qodef-m-button\">\n\t\t<a class=\"qodef-shortcode qodef-m qodef-button qodef-layout--textual qodef-html--link\" href=\"\/de\/kontakte\/\" target=\"_self\"  style=\"margin: -44px 0px 0px 0px\">\t<span class=\"qodef-m-text\">VERSCHENKEN SIE EIN ERLEBNIS\t\t<span class=\"qodef-m-strip\" ><\/span>\t<\/span><\/a>\t<\/div>\n<\/div>\t\t\t\t<\/div>\n\t\t\t\t<\/div>\n\t\t\t\t\t<\/div>\n\t\t<\/div>\n\t\t\t\t\t<\/div>\n\t\t<\/section>\n\t\t\t\t\t<\/div>\n\t\t<\/div>\n\t\t\t\t\t<\/div>\n\t\t<\/section>\n\t\t\t\t<\/div>\n\t\t","protected":false},"excerpt":{"rendered":"<p>NEBENSAISON Preise g\u00fcltig vom 15.03 bis 18.04 und vom 21.09 bis 09.11 Doppelzimmer \u20ac 170-220 Preise pro Zimmer\/Nacht (2 Personen) inklusive Fr\u00fchst\u00fcckbuffet Jetzt buchen Einzelzimmer \u20ac 120-130 Preise pro Zimmer\/Nacht (1 Person) inklusive Fr\u00fchst\u00fcckbuffet Jetzt buchen HOCHSAISON Preise g\u00fcltig vom 18.04 bis 21.09 Doppelzimmer \u20ac 180-240 Preise pro Zimmer\/Nacht (2 Personen) inklusive Fr\u00fchst\u00fcckbuffet Jetzt buchen Einzelzimmer \u20ac 130-150 Preise pro Zimmer\/Nacht (1 Person) inklusive Fr\u00fchst\u00fcckbuffet Jetzt buchen Zusatzbett: \u20ac 40 Kurtaxe von EUR 1,50 pro Person\/Nacht nicht im Zimmerpreis inbegriffen Das Hotel ist von M\u00e4rz bis November ge\u00f6ffnet Kostenloser Privatparkplatz, Garage \u20ac 15,00 pro Nacht und Auto Check-in ist von 15:00 bis 19:30 Uhr m\u00f6glich. Bei sp\u00e4terer Ankunft bitte rufen Sie uns an Haustiere sind nicht gestattet W-LAN und Fahrr\u00e4der sind kostenlos Verschenken Sie ein einzigartiges Erlebnis Verschenken Sie ein einzigartiges Erlebnis in einem Hotel voller Geschichte und Charme, im Herzen der Altstadt von Cannobio. \u00dcberraschen Sie eine besondere Person mit einem unvergesslichen Aufenthalt in einer zeitlosen Atmosph\u00e4re. Unser Geschenkgutschein, inklusive \u00dcbernachtung und Fr\u00fchst\u00fcck, ist die perfekte Wahl, um einen Geburtstag, ein Jubil\u00e4um oder einfach einen Moment der Entspannung am Lago Maggiore zu feiern. VERSCHENKEN SIE EIN ERLEBNIS<\/p>\n","protected":false},"author":2,"featured_media":0,"parent":0,"menu_order":0,"comment_status":"closed","ping_status":"closed","template":"page-full-width.php","meta":{"footnotes":""},"class_list":["post-19867","page","type-page","status-publish","hentry"],"yoast_head":"<!-- This site is optimized with the Yoast SEO plugin v26.3 - https:\/\/yoast.com\/wordpress\/plugins\/seo\/ -->\n<title>Preisliste Hotel Pironi in Cannobio, Lago Maggiore<\/title>\n<meta name=\"description\" content=\"Entdecken Sie die Preise der Zimmer im Hotel Pironi in Cannobio. Buchen Sie Ihren Urlaub am Lago Maggiore!\" \/>\n<meta name=\"robots\" content=\"index, follow, max-snippet:-1, max-image-preview:large, max-video-preview:-1\" \/>\n<link rel=\"canonical\" href=\"https:\/\/www.pironihotel.it\/de\/preisliste\/\" \/>\n<meta property=\"og:locale\" content=\"de_DE\" \/>\n<meta property=\"og:type\" content=\"article\" \/>\n<meta property=\"og:title\" content=\"Preisliste Hotel Pironi in Cannobio, Lago Maggiore\" \/>\n<meta property=\"og:description\" content=\"Entdecken Sie die Preise der Zimmer im Hotel Pironi in Cannobio. Buchen Sie Ihren Urlaub am Lago Maggiore!\" \/>\n<meta property=\"og:url\" content=\"https:\/\/www.pironihotel.it\/de\/preisliste\/\" \/>\n<meta property=\"og:site_name\" content=\"Pironi Hotel Cannobio\" \/>\n<meta property=\"article:publisher\" content=\"https:\/\/www.facebook.com\/pages\/Hotel-Pironi-Cannobio-Lago-Maggiore\/106828992705815\" \/>\n<meta property=\"article:modified_time\" content=\"2025-05-06T07:22:20+00:00\" \/>\n<meta property=\"og:image\" content=\"http:\/\/test.pironihotel.it\/wp-content\/uploads\/2025\/01\/buono-regalo-HOTEL-PIRONI.png\" \/>\n<meta name=\"twitter:card\" content=\"summary_large_image\" \/>\n<meta name=\"twitter:label1\" content=\"Gesch\u00e4tzte Lesezeit\" \/>\n\t<meta name=\"twitter:data1\" content=\"1\u00a0Minute\" \/>\n<script type=\"application\/ld+json\" class=\"yoast-schema-graph\">{\"@context\":\"https:\/\/schema.org\",\"@graph\":[{\"@type\":\"WebPage\",\"@id\":\"https:\/\/www.pironihotel.it\/de\/preisliste\/\",\"url\":\"https:\/\/www.pironihotel.it\/de\/preisliste\/\",\"name\":\"Preisliste Hotel Pironi in Cannobio, Lago Maggiore\",\"isPartOf\":{\"@id\":\"https:\/\/www.pironihotel.it\/de\/#website\"},\"primaryImageOfPage\":{\"@id\":\"https:\/\/www.pironihotel.it\/de\/preisliste\/#primaryimage\"},\"image\":{\"@id\":\"https:\/\/www.pironihotel.it\/de\/preisliste\/#primaryimage\"},\"thumbnailUrl\":\"http:\/\/test.pironihotel.it\/wp-content\/uploads\/2025\/01\/buono-regalo-HOTEL-PIRONI.png\",\"datePublished\":\"2025-01-16T11:01:57+00:00\",\"dateModified\":\"2025-05-06T07:22:20+00:00\",\"description\":\"Entdecken Sie die Preise der Zimmer im Hotel Pironi in Cannobio. Buchen Sie Ihren Urlaub am Lago Maggiore!\",\"breadcrumb\":{\"@id\":\"https:\/\/www.pironihotel.it\/de\/preisliste\/#breadcrumb\"},\"inLanguage\":\"de\",\"potentialAction\":[{\"@type\":\"ReadAction\",\"target\":[\"https:\/\/www.pironihotel.it\/de\/preisliste\/\"]}]},{\"@type\":\"ImageObject\",\"inLanguage\":\"de\",\"@id\":\"https:\/\/www.pironihotel.it\/de\/preisliste\/#primaryimage\",\"url\":\"http:\/\/test.pironihotel.it\/wp-content\/uploads\/2025\/01\/buono-regalo-HOTEL-PIRONI.png\",\"contentUrl\":\"http:\/\/test.pironihotel.it\/wp-content\/uploads\/2025\/01\/buono-regalo-HOTEL-PIRONI.png\"},{\"@type\":\"BreadcrumbList\",\"@id\":\"https:\/\/www.pironihotel.it\/de\/preisliste\/#breadcrumb\",\"itemListElement\":[{\"@type\":\"ListItem\",\"position\":1,\"name\":\"Home\",\"item\":\"https:\/\/www.pironihotel.it\/de\/\"},{\"@type\":\"ListItem\",\"position\":2,\"name\":\"Preisliste\"}]},{\"@type\":\"WebSite\",\"@id\":\"https:\/\/www.pironihotel.it\/de\/#website\",\"url\":\"https:\/\/www.pironihotel.it\/de\/\",\"name\":\"Pironi Hotel Cannobio\",\"description\":\"\",\"publisher\":{\"@id\":\"https:\/\/www.pironihotel.it\/de\/#organization\"},\"potentialAction\":[{\"@type\":\"SearchAction\",\"target\":{\"@type\":\"EntryPoint\",\"urlTemplate\":\"https:\/\/www.pironihotel.it\/de\/?s={search_term_string}\"},\"query-input\":{\"@type\":\"PropertyValueSpecification\",\"valueRequired\":true,\"valueName\":\"search_term_string\"}}],\"inLanguage\":\"de\"},{\"@type\":\"Organization\",\"@id\":\"https:\/\/www.pironihotel.it\/de\/#organization\",\"name\":\"Pironi Hotel\",\"url\":\"https:\/\/www.pironihotel.it\/de\/\",\"logo\":{\"@type\":\"ImageObject\",\"inLanguage\":\"de\",\"@id\":\"https:\/\/www.pironihotel.it\/de\/#\/schema\/logo\/image\/\",\"url\":\"https:\/\/www.pironihotel.it\/wp-content\/uploads\/2025\/03\/logo-pironi.png\",\"contentUrl\":\"https:\/\/www.pironihotel.it\/wp-content\/uploads\/2025\/03\/logo-pironi.png\",\"width\":625,\"height\":330,\"caption\":\"Pironi Hotel\"},\"image\":{\"@id\":\"https:\/\/www.pironihotel.it\/de\/#\/schema\/logo\/image\/\"},\"sameAs\":[\"https:\/\/www.facebook.com\/pages\/Hotel-Pironi-Cannobio-Lago-Maggiore\/106828992705815\",\"https:\/\/www.instagram.com\/hotelpironi\/\"]}]}<\/script>\n<!-- \/ Yoast SEO plugin. -->","yoast_head_json":{"title":"Preisliste Hotel Pironi in Cannobio, Lago Maggiore","description":"Entdecken Sie die Preise der Zimmer im Hotel Pironi in Cannobio. Buchen Sie Ihren Urlaub am Lago Maggiore!","robots":{"index":"index","follow":"follow","max-snippet":"max-snippet:-1","max-image-preview":"max-image-preview:large","max-video-preview":"max-video-preview:-1"},"canonical":"https:\/\/www.pironihotel.it\/de\/preisliste\/","og_locale":"de_DE","og_type":"article","og_title":"Preisliste Hotel Pironi in Cannobio, Lago Maggiore","og_description":"Entdecken Sie die Preise der Zimmer im Hotel Pironi in Cannobio. Buchen Sie Ihren Urlaub am Lago Maggiore!","og_url":"https:\/\/www.pironihotel.it\/de\/preisliste\/","og_site_name":"Pironi Hotel Cannobio","article_publisher":"https:\/\/www.facebook.com\/pages\/Hotel-Pironi-Cannobio-Lago-Maggiore\/106828992705815","article_modified_time":"2025-05-06T07:22:20+00:00","og_image":[{"url":"http:\/\/test.pironihotel.it\/wp-content\/uploads\/2025\/01\/buono-regalo-HOTEL-PIRONI.png","type":"","width":"","height":""}],"twitter_card":"summary_large_image","twitter_misc":{"Gesch\u00e4tzte Lesezeit":"1\u00a0Minute"},"schema":{"@context":"https:\/\/schema.org","@graph":[{"@type":"WebPage","@id":"https:\/\/www.pironihotel.it\/de\/preisliste\/","url":"https:\/\/www.pironihotel.it\/de\/preisliste\/","name":"Preisliste Hotel Pironi in Cannobio, Lago Maggiore","isPartOf":{"@id":"https:\/\/www.pironihotel.it\/de\/#website"},"primaryImageOfPage":{"@id":"https:\/\/www.pironihotel.it\/de\/preisliste\/#primaryimage"},"image":{"@id":"https:\/\/www.pironihotel.it\/de\/preisliste\/#primaryimage"},"thumbnailUrl":"http:\/\/test.pironihotel.it\/wp-content\/uploads\/2025\/01\/buono-regalo-HOTEL-PIRONI.png","datePublished":"2025-01-16T11:01:57+00:00","dateModified":"2025-05-06T07:22:20+00:00","description":"Entdecken Sie die Preise der Zimmer im Hotel Pironi in Cannobio. Buchen Sie Ihren Urlaub am Lago Maggiore!","breadcrumb":{"@id":"https:\/\/www.pironihotel.it\/de\/preisliste\/#breadcrumb"},"inLanguage":"de","potentialAction":[{"@type":"ReadAction","target":["https:\/\/www.pironihotel.it\/de\/preisliste\/"]}]},{"@type":"ImageObject","inLanguage":"de","@id":"https:\/\/www.pironihotel.it\/de\/preisliste\/#primaryimage","url":"http:\/\/test.pironihotel.it\/wp-content\/uploads\/2025\/01\/buono-regalo-HOTEL-PIRONI.png","contentUrl":"http:\/\/test.pironihotel.it\/wp-content\/uploads\/2025\/01\/buono-regalo-HOTEL-PIRONI.png"},{"@type":"BreadcrumbList","@id":"https:\/\/www.pironihotel.it\/de\/preisliste\/#breadcrumb","itemListElement":[{"@type":"ListItem","position":1,"name":"Home","item":"https:\/\/www.pironihotel.it\/de\/"},{"@type":"ListItem","position":2,"name":"Preisliste"}]},{"@type":"WebSite","@id":"https:\/\/www.pironihotel.it\/de\/#website","url":"https:\/\/www.pironihotel.it\/de\/","name":"Pironi Hotel Cannobio","description":"","publisher":{"@id":"https:\/\/www.pironihotel.it\/de\/#organization"},"potentialAction":[{"@type":"SearchAction","target":{"@type":"EntryPoint","urlTemplate":"https:\/\/www.pironihotel.it\/de\/?s={search_term_string}"},"query-input":{"@type":"PropertyValueSpecification","valueRequired":true,"valueName":"search_term_string"}}],"inLanguage":"de"},{"@type":"Organization","@id":"https:\/\/www.pironihotel.it\/de\/#organization","name":"Pironi Hotel","url":"https:\/\/www.pironihotel.it\/de\/","logo":{"@type":"ImageObject","inLanguage":"de","@id":"https:\/\/www.pironihotel.it\/de\/#\/schema\/logo\/image\/","url":"https:\/\/www.pironihotel.it\/wp-content\/uploads\/2025\/03\/logo-pironi.png","contentUrl":"https:\/\/www.pironihotel.it\/wp-content\/uploads\/2025\/03\/logo-pironi.png","width":625,"height":330,"caption":"Pironi Hotel"},"image":{"@id":"https:\/\/www.pironihotel.it\/de\/#\/schema\/logo\/image\/"},"sameAs":["https:\/\/www.facebook.com\/pages\/Hotel-Pironi-Cannobio-Lago-Maggiore\/106828992705815","https:\/\/www.instagram.com\/hotelpironi\/"]}]}},"_links":{"self":[{"href":"https:\/\/www.pironihotel.it\/de\/wp-json\/wp\/v2\/pages\/19867","targetHints":{"allow":["GET"]}}],"collection":[{"href":"https:\/\/www.pironihotel.it\/de\/wp-json\/wp\/v2\/pages"}],"about":[{"href":"https:\/\/www.pironihotel.it\/de\/wp-json\/wp\/v2\/types\/page"}],"author":[{"embeddable":true,"href":"https:\/\/www.pironihotel.it\/de\/wp-json\/wp\/v2\/users\/2"}],"replies":[{"embeddable":true,"href":"https:\/\/www.pironihotel.it\/de\/wp-json\/wp\/v2\/comments?post=19867"}],"version-history":[{"count":0,"href":"https:\/\/www.pironihotel.it\/de\/wp-json\/wp\/v2\/pages\/19867\/revisions"}],"wp:attachment":[{"href":"https:\/\/www.pironihotel.it\/de\/wp-json\/wp\/v2\/media?parent=19867"}],"curies":[{"name":"wp","href":"https:\/\/api.w.org\/{rel}","templated":true}]}}