{"id":19876,"date":"2025-01-16T10:26:24","date_gmt":"2025-01-16T09:26:24","guid":{"rendered":"http:\/\/test.pironihotel.it\/sale\/"},"modified":"2025-03-06T12:28:45","modified_gmt":"2025-03-06T11:28:45","slug":"sale","status":"publish","type":"page","link":"https:\/\/www.pironihotel.it\/de\/hotel\/sale\/","title":{"rendered":"S\u00e4le"},"content":{"rendered":"\t\t<div data-elementor-type=\"wp-page\" data-elementor-id=\"19876\" class=\"elementor elementor-19876 elementor-17569\">\n\t\t\t\t\t\t<section class=\"elementor-section elementor-top-section elementor-element elementor-element-7093f4d elementor-section-boxed elementor-section-height-default elementor-section-height-default wpr-particle-no wpr-jarallax-no wpr-parallax-no wpr-sticky-section-no qodef-elementor-content-no\" data-id=\"7093f4d\" data-element_type=\"section\">\n\t\t\t\t\t\t<div class=\"elementor-container elementor-column-gap-default\">\n\t\t\t\t\t<div class=\"elementor-column elementor-col-100 elementor-top-column elementor-element elementor-element-c710fcc\" data-id=\"c710fcc\" data-element_type=\"column\">\n\t\t\t<div class=\"elementor-widget-wrap elementor-element-populated\">\n\t\t\t\t\t\t<div class=\"elementor-element elementor-element-ed5a3eb elementor-widget elementor-widget-reina_core_section_title\" data-id=\"ed5a3eb\" data-element_type=\"widget\" data-widget_type=\"reina_core_section_title.default\">\n\t\t\t\t<div class=\"elementor-widget-container\">\n\t\t\t\t\t<div class=\"qodef-shortcode qodef-m qodef-section-title\">\n\t<div class=\"qodef-m-heading\">\n\t\t\t\t\t<h1 class=\"qodef-m-title\" >\n\t\t\t\t\tAnspruchsvolle und zeitlose R\u00e4ume f\u00fcr Ihren Aufenthalt\t\t\t<\/h1>\n\t<\/div>\n\t\t<\/div>\t\t\t\t<\/div>\n\t\t\t\t<\/div>\n\t\t\t\t<div class=\"elementor-element elementor-element-935a9ea elementor-widget elementor-widget-text-editor\" data-id=\"935a9ea\" data-element_type=\"widget\" data-widget_type=\"text-editor.default\">\n\t\t\t\t<div class=\"elementor-widget-container\">\n\t\t\t\t\t\t\t\t\t<p>Die beste Art und Weise Ihren Tag zu beginnen, um die Sch\u00f6nheiten des Lago Maggiore zu entdecken, ist unser <strong>reichhaltiges Fr\u00fchst\u00fccksbuffet. Es wird im Hauptsaal und im einzigartigen Freskensaal aus dem 17. Jahrhundert serviert.<\/strong> In diesem kleinen Juwel, das gl\u00fccklicherweise in seinem Originalzustand erhalten geblieben ist, scheint die Zeit still zu stehen: <strong>W\u00e4nde und Decke komplett freskengeschm\u00fcckt, T\u00fcr- und Fensterrahmen aus Holz, Fu\u00dfboden aus beigefarbenen und roten Terrakotta fliesen mit Intarsien aus schwarzem Schiefer<\/strong> \u2013 alles Original Elemente aus dem Mittelalter.<\/p><p>Der gro\u00dfe Salon im Obergeschoss ist bestens geeignet, um zu entspannen, zu lesen, zu arbeiten oder eine kleine Pause zu machen. Ein vornehmer und ruhiger Raum mit einem wundersch\u00f6nen alten Kamin, in dem man sich einen Kaffee oder Tee zubereiten oder den kostenlosen Internetpoint nutzen kann.<\/p>\t\t\t\t\t\t\t\t<\/div>\n\t\t\t\t<\/div>\n\t\t\t\t\t<\/div>\n\t\t<\/div>\n\t\t\t\t\t<\/div>\n\t\t<\/section>\n\t\t\t\t<section class=\"elementor-section elementor-top-section elementor-element elementor-element-c100a0e elementor-section-boxed elementor-section-height-default elementor-section-height-default wpr-particle-no wpr-jarallax-no wpr-parallax-no wpr-sticky-section-no qodef-elementor-content-no\" data-id=\"c100a0e\" data-element_type=\"section\">\n\t\t\t\t\t\t<div class=\"elementor-container elementor-column-gap-default\">\n\t\t\t\t\t<div class=\"elementor-column elementor-col-100 elementor-top-column elementor-element elementor-element-da96b57\" data-id=\"da96b57\" data-element_type=\"column\">\n\t\t\t<div class=\"elementor-widget-wrap elementor-element-populated\">\n\t\t\t\t\t\t<div class=\"elementor-element elementor-element-32f2734 elementor-widget elementor-widget-qi_addons_for_elementor_image_gallery_masonry\" data-id=\"32f2734\" data-element_type=\"widget\" data-widget_type=\"qi_addons_for_elementor_image_gallery_masonry.default\">\n\t\t\t\t<div class=\"elementor-widget-container\">\n\t\t\t\t\t<div class=\"qodef-shortcode qodef-m qodef-qi-image-gallery-masonry qodef-qi-fslightbox-popup qodef-popup-gallery qodef-image--hover-zoom qodef-qi-grid qodef-layout--qi-masonry qodef-items--fixed qodef-col-num--3 qodef-responsive--predefined\">\n\t<div class=\"qodef-grid-inner\">\n\t\t\t<div class=\"qodef-qi-grid-masonry-sizer\"><\/div>\n<div class=\"qodef-e qodef-image-wrapper qodef-grid-item qodef-item--portrait\">\n\t<div class=\"qodef-e-inner\">\n\t\t\t\t\t<a class=\"qodef-popup-item\" itemprop=\"image\" href=\"https:\/\/www.pironihotel.it\/wp-content\/uploads\/2025\/01\/sale-hotel-pironi-cannobio-2.jpg\" data-type=\"image\" data-fslightbox=\"gallery-1\">\n\t\t\t\t\t<img fetchpriority=\"high\" decoding=\"async\" width=\"650\" height=\"1300\" src=\"https:\/\/www.pironihotel.it\/wp-content\/uploads\/2025\/01\/sale-hotel-pironi-cannobio-2-650x1300.jpg\" class=\"attachment-qi_addons_for_elementor_image_size_portrait size-qi_addons_for_elementor_image_size_portrait\" alt=\"Sale Pironi Hotel Cannobio\" \/>\t\t\t\t\t<\/a>\n\t\t\t<\/div>\n<\/div>\n<div class=\"qodef-e qodef-image-wrapper qodef-grid-item qodef-item--square\">\n\t<div class=\"qodef-e-inner\">\n\t\t\t\t\t<a class=\"qodef-popup-item\" itemprop=\"image\" href=\"https:\/\/www.pironihotel.it\/wp-content\/uploads\/2025\/01\/sale-hotel-pironi-cannobio-1.jpg\" data-type=\"image\" data-fslightbox=\"gallery-1\">\n\t\t\t\t\t<img decoding=\"async\" width=\"650\" height=\"650\" src=\"https:\/\/www.pironihotel.it\/wp-content\/uploads\/2025\/01\/sale-hotel-pironi-cannobio-1-650x650.jpg\" class=\"attachment-qi_addons_for_elementor_image_size_square size-qi_addons_for_elementor_image_size_square\" alt=\"Sale Pironi Hotel Cannobio\" srcset=\"https:\/\/www.pironihotel.it\/wp-content\/uploads\/2025\/01\/sale-hotel-pironi-cannobio-1-650x650.jpg 650w, https:\/\/www.pironihotel.it\/wp-content\/uploads\/2025\/01\/sale-hotel-pironi-cannobio-1-150x150.jpg 150w, https:\/\/www.pironihotel.it\/wp-content\/uploads\/2025\/01\/sale-hotel-pironi-cannobio-1-300x300.jpg 300w, https:\/\/www.pironihotel.it\/wp-content\/uploads\/2025\/01\/sale-hotel-pironi-cannobio-1-100x100.jpg 100w\" sizes=\"(max-width: 650px) 100vw, 650px\" \/>\t\t\t\t\t<\/a>\n\t\t\t<\/div>\n<\/div>\n<div class=\"qodef-e qodef-image-wrapper qodef-grid-item qodef-item--square\">\n\t<div class=\"qodef-e-inner\">\n\t\t\t\t\t<a class=\"qodef-popup-item\" itemprop=\"image\" href=\"https:\/\/www.pironihotel.it\/wp-content\/uploads\/2025\/01\/sale-hotel-pironi-cannobio-9.jpg\" data-type=\"image\" data-fslightbox=\"gallery-1\">\n\t\t\t\t\t<img decoding=\"async\" width=\"650\" height=\"650\" src=\"https:\/\/www.pironihotel.it\/wp-content\/uploads\/2025\/01\/sale-hotel-pironi-cannobio-9-650x650.jpg\" class=\"attachment-qi_addons_for_elementor_image_size_square size-qi_addons_for_elementor_image_size_square\" alt=\"Sale Pironi Hotel Cannobio\" srcset=\"https:\/\/www.pironihotel.it\/wp-content\/uploads\/2025\/01\/sale-hotel-pironi-cannobio-9-650x650.jpg 650w, https:\/\/www.pironihotel.it\/wp-content\/uploads\/2025\/01\/sale-hotel-pironi-cannobio-9-150x150.jpg 150w, https:\/\/www.pironihotel.it\/wp-content\/uploads\/2025\/01\/sale-hotel-pironi-cannobio-9-300x300.jpg 300w, https:\/\/www.pironihotel.it\/wp-content\/uploads\/2025\/01\/sale-hotel-pironi-cannobio-9-100x100.jpg 100w\" sizes=\"(max-width: 650px) 100vw, 650px\" \/>\t\t\t\t\t<\/a>\n\t\t\t<\/div>\n<\/div>\n<div class=\"qodef-e qodef-image-wrapper qodef-grid-item qodef-item--landscape\">\n\t<div class=\"qodef-e-inner\">\n\t\t\t\t\t<a class=\"qodef-popup-item\" itemprop=\"image\" href=\"https:\/\/www.pironihotel.it\/wp-content\/uploads\/2025\/01\/sale-hotel-pironi-cannobio-11.jpg\" data-type=\"image\" data-fslightbox=\"gallery-1\">\n\t\t\t\t\t<img loading=\"lazy\" decoding=\"async\" width=\"1160\" height=\"650\" src=\"https:\/\/www.pironihotel.it\/wp-content\/uploads\/2025\/01\/sale-hotel-pironi-cannobio-11-1160x650.jpg\" class=\"attachment-qi_addons_for_elementor_image_size_landscape size-qi_addons_for_elementor_image_size_landscape\" alt=\"Sale Pironi Hotel Cannobio\" \/>\t\t\t\t\t<\/a>\n\t\t\t<\/div>\n<\/div>\n<div class=\"qodef-e qodef-image-wrapper qodef-grid-item qodef-item--square\">\n\t<div class=\"qodef-e-inner\">\n\t\t\t\t\t<a class=\"qodef-popup-item\" itemprop=\"image\" href=\"https:\/\/www.pironihotel.it\/wp-content\/uploads\/2025\/01\/sale-hotel-pironi-cannobio-6.jpg\" data-type=\"image\" data-fslightbox=\"gallery-1\">\n\t\t\t\t\t<img loading=\"lazy\" decoding=\"async\" width=\"650\" height=\"650\" src=\"https:\/\/www.pironihotel.it\/wp-content\/uploads\/2025\/01\/sale-hotel-pironi-cannobio-6-650x650.jpg\" class=\"attachment-qi_addons_for_elementor_image_size_square size-qi_addons_for_elementor_image_size_square\" alt=\"Sale Pironi Hotel Cannobio\" srcset=\"https:\/\/www.pironihotel.it\/wp-content\/uploads\/2025\/01\/sale-hotel-pironi-cannobio-6-650x650.jpg 650w, https:\/\/www.pironihotel.it\/wp-content\/uploads\/2025\/01\/sale-hotel-pironi-cannobio-6-150x150.jpg 150w, https:\/\/www.pironihotel.it\/wp-content\/uploads\/2025\/01\/sale-hotel-pironi-cannobio-6-300x300.jpg 300w, https:\/\/www.pironihotel.it\/wp-content\/uploads\/2025\/01\/sale-hotel-pironi-cannobio-6-100x100.jpg 100w\" sizes=\"(max-width: 650px) 100vw, 650px\" \/>\t\t\t\t\t<\/a>\n\t\t\t<\/div>\n<\/div>\n<div class=\"qodef-e qodef-image-wrapper qodef-grid-item qodef-item--square\">\n\t<div class=\"qodef-e-inner\">\n\t\t\t\t\t<a class=\"qodef-popup-item\" itemprop=\"image\" href=\"https:\/\/www.pironihotel.it\/wp-content\/uploads\/2025\/01\/sale-hotel-pironi-cannobio-5.jpg\" data-type=\"image\" data-fslightbox=\"gallery-1\">\n\t\t\t\t\t<img loading=\"lazy\" decoding=\"async\" width=\"650\" height=\"650\" src=\"https:\/\/www.pironihotel.it\/wp-content\/uploads\/2025\/01\/sale-hotel-pironi-cannobio-5-650x650.jpg\" class=\"attachment-qi_addons_for_elementor_image_size_square size-qi_addons_for_elementor_image_size_square\" alt=\"Sale Pironi Hotel Cannobio\" srcset=\"https:\/\/www.pironihotel.it\/wp-content\/uploads\/2025\/01\/sale-hotel-pironi-cannobio-5-650x650.jpg 650w, https:\/\/www.pironihotel.it\/wp-content\/uploads\/2025\/01\/sale-hotel-pironi-cannobio-5-150x150.jpg 150w, https:\/\/www.pironihotel.it\/wp-content\/uploads\/2025\/01\/sale-hotel-pironi-cannobio-5-300x300.jpg 300w, https:\/\/www.pironihotel.it\/wp-content\/uploads\/2025\/01\/sale-hotel-pironi-cannobio-5-100x100.jpg 100w\" sizes=\"(max-width: 650px) 100vw, 650px\" \/>\t\t\t\t\t<\/a>\n\t\t\t<\/div>\n<\/div>\n<div class=\"qodef-e qodef-image-wrapper qodef-grid-item qodef-item--square\">\n\t<div class=\"qodef-e-inner\">\n\t\t\t\t\t<a class=\"qodef-popup-item\" itemprop=\"image\" href=\"https:\/\/www.pironihotel.it\/wp-content\/uploads\/2025\/01\/sale-hotel-pironi-cannobio-3.jpg\" data-type=\"image\" data-fslightbox=\"gallery-1\">\n\t\t\t\t\t<img loading=\"lazy\" decoding=\"async\" width=\"650\" height=\"650\" src=\"https:\/\/www.pironihotel.it\/wp-content\/uploads\/2025\/01\/sale-hotel-pironi-cannobio-3-650x650.jpg\" class=\"attachment-qi_addons_for_elementor_image_size_square size-qi_addons_for_elementor_image_size_square\" alt=\"Sale Pironi Hotel Cannobio\" srcset=\"https:\/\/www.pironihotel.it\/wp-content\/uploads\/2025\/01\/sale-hotel-pironi-cannobio-3-650x650.jpg 650w, https:\/\/www.pironihotel.it\/wp-content\/uploads\/2025\/01\/sale-hotel-pironi-cannobio-3-150x150.jpg 150w, https:\/\/www.pironihotel.it\/wp-content\/uploads\/2025\/01\/sale-hotel-pironi-cannobio-3-300x300.jpg 300w, https:\/\/www.pironihotel.it\/wp-content\/uploads\/2025\/01\/sale-hotel-pironi-cannobio-3-100x100.jpg 100w\" sizes=\"(max-width: 650px) 100vw, 650px\" \/>\t\t\t\t\t<\/a>\n\t\t\t<\/div>\n<\/div>\n<div class=\"qodef-e qodef-image-wrapper qodef-grid-item qodef-item--landscape\">\n\t<div class=\"qodef-e-inner\">\n\t\t\t\t\t<a class=\"qodef-popup-item\" itemprop=\"image\" href=\"https:\/\/www.pironihotel.it\/wp-content\/uploads\/2025\/01\/sale-hotel-pironi-cannobio-8.jpg\" data-type=\"image\" data-fslightbox=\"gallery-1\">\n\t\t\t\t\t<img loading=\"lazy\" decoding=\"async\" width=\"900\" height=\"650\" src=\"https:\/\/www.pironihotel.it\/wp-content\/uploads\/2025\/01\/sale-hotel-pironi-cannobio-8-900x650.jpg\" class=\"attachment-qi_addons_for_elementor_image_size_landscape size-qi_addons_for_elementor_image_size_landscape\" alt=\"Sale Pironi Hotel Cannobio\" \/>\t\t\t\t\t<\/a>\n\t\t\t<\/div>\n<\/div>\n<div class=\"qodef-e qodef-image-wrapper qodef-grid-item qodef-item--square\">\n\t<div class=\"qodef-e-inner\">\n\t\t\t\t\t<a class=\"qodef-popup-item\" itemprop=\"image\" href=\"https:\/\/www.pironihotel.it\/wp-content\/uploads\/2025\/01\/sale-hotel-pironi-cannobio-12.jpg\" data-type=\"image\" data-fslightbox=\"gallery-1\">\n\t\t\t\t\t<img loading=\"lazy\" decoding=\"async\" width=\"650\" height=\"650\" src=\"https:\/\/www.pironihotel.it\/wp-content\/uploads\/2025\/01\/sale-hotel-pironi-cannobio-12-650x650.jpg\" class=\"attachment-qi_addons_for_elementor_image_size_square size-qi_addons_for_elementor_image_size_square\" alt=\"Sale Pironi Hotel Cannobio\" srcset=\"https:\/\/www.pironihotel.it\/wp-content\/uploads\/2025\/01\/sale-hotel-pironi-cannobio-12-650x650.jpg 650w, https:\/\/www.pironihotel.it\/wp-content\/uploads\/2025\/01\/sale-hotel-pironi-cannobio-12-150x150.jpg 150w, https:\/\/www.pironihotel.it\/wp-content\/uploads\/2025\/01\/sale-hotel-pironi-cannobio-12-300x300.jpg 300w, https:\/\/www.pironihotel.it\/wp-content\/uploads\/2025\/01\/sale-hotel-pironi-cannobio-12-100x100.jpg 100w\" sizes=\"(max-width: 650px) 100vw, 650px\" \/>\t\t\t\t\t<\/a>\n\t\t\t<\/div>\n<\/div>\n\t<\/div>\n<\/div>\n\t\t\t\t<\/div>\n\t\t\t\t<\/div>\n\t\t\t\t\t<\/div>\n\t\t<\/div>\n\t\t\t\t\t<\/div>\n\t\t<\/section>\n\t\t\t\t<\/div>\n\t\t","protected":false},"excerpt":{"rendered":"<p>Anspruchsvolle und zeitlose R\u00e4ume f\u00fcr Ihren Aufenthalt Die beste Art und Weise Ihren Tag zu beginnen, um die Sch\u00f6nheiten des Lago Maggiore zu entdecken, ist unser reichhaltiges Fr\u00fchst\u00fccksbuffet. Es wird im Hauptsaal und im einzigartigen Freskensaal aus dem 17. Jahrhundert serviert. In diesem kleinen Juwel, das gl\u00fccklicherweise in seinem Originalzustand erhalten geblieben ist, scheint die Zeit still zu stehen: W\u00e4nde und Decke komplett freskengeschm\u00fcckt, T\u00fcr- und Fensterrahmen aus Holz, Fu\u00dfboden aus beigefarbenen und roten Terrakotta fliesen mit Intarsien aus schwarzem Schiefer \u2013 alles Original Elemente aus dem Mittelalter. Der gro\u00dfe Salon im Obergeschoss ist bestens geeignet, um zu entspannen, zu lesen, zu arbeiten oder eine kleine Pause zu machen. Ein vornehmer und ruhiger Raum mit einem wundersch\u00f6nen alten Kamin, in dem man sich einen Kaffee oder Tee zubereiten oder den kostenlosen Internetpoint nutzen kann.<\/p>\n","protected":false},"author":2,"featured_media":0,"parent":19882,"menu_order":0,"comment_status":"closed","ping_status":"closed","template":"page-full-width.php","meta":{"footnotes":""},"class_list":["post-19876","page","type-page","status-publish","hentry"],"yoast_head":"<!-- This site is optimized with the Yoast SEO plugin v26.3 - https:\/\/yoast.com\/wordpress\/plugins\/seo\/ -->\n<title>Die S\u00e4le aus dem 18. Jahrhundert des Hotel Pironi<\/title>\n<meta name=\"description\" content=\"In der S\u00e4le des Hotel Pironi kann man wie im 18. Jahrhundert sein, mit sch\u00f6ner Fresken als Hintergrund f\u00fcr Ihr Fr\u00fchst\u00fcck oder nur zum Entspannen.\" \/>\n<meta name=\"robots\" content=\"index, follow, max-snippet:-1, max-image-preview:large, max-video-preview:-1\" \/>\n<link rel=\"canonical\" href=\"https:\/\/www.pironihotel.it\/de\/hotel\/sale\/\" \/>\n<meta property=\"og:locale\" content=\"de_DE\" \/>\n<meta property=\"og:type\" content=\"article\" \/>\n<meta property=\"og:title\" content=\"Die S\u00e4le aus dem 18. Jahrhundert des Hotel Pironi\" \/>\n<meta property=\"og:description\" content=\"In der S\u00e4le des Hotel Pironi kann man wie im 18. Jahrhundert sein, mit sch\u00f6ner Fresken als Hintergrund f\u00fcr Ihr Fr\u00fchst\u00fcck oder nur zum Entspannen.\" \/>\n<meta property=\"og:url\" content=\"https:\/\/www.pironihotel.it\/de\/hotel\/sale\/\" \/>\n<meta property=\"og:site_name\" content=\"Pironi Hotel Cannobio\" \/>\n<meta property=\"article:publisher\" content=\"https:\/\/www.facebook.com\/pages\/Hotel-Pironi-Cannobio-Lago-Maggiore\/106828992705815\" \/>\n<meta property=\"article:modified_time\" content=\"2025-03-06T11:28:45+00:00\" \/>\n<meta property=\"og:image\" content=\"http:\/\/test.pironihotel.it\/wp-content\/uploads\/2025\/01\/sale-hotel-pironi-cannobio-2-650x1300.jpg\" \/>\n<meta name=\"twitter:card\" content=\"summary_large_image\" \/>\n<meta name=\"twitter:label1\" content=\"Gesch\u00e4tzte Lesezeit\" \/>\n\t<meta name=\"twitter:data1\" content=\"1\u00a0Minute\" \/>\n<script type=\"application\/ld+json\" class=\"yoast-schema-graph\">{\"@context\":\"https:\/\/schema.org\",\"@graph\":[{\"@type\":\"WebPage\",\"@id\":\"https:\/\/www.pironihotel.it\/de\/hotel\/sale\/\",\"url\":\"https:\/\/www.pironihotel.it\/de\/hotel\/sale\/\",\"name\":\"Die S\u00e4le aus dem 18. Jahrhundert des Hotel Pironi\",\"isPartOf\":{\"@id\":\"https:\/\/www.pironihotel.it\/de\/#website\"},\"primaryImageOfPage\":{\"@id\":\"https:\/\/www.pironihotel.it\/de\/hotel\/sale\/#primaryimage\"},\"image\":{\"@id\":\"https:\/\/www.pironihotel.it\/de\/hotel\/sale\/#primaryimage\"},\"thumbnailUrl\":\"http:\/\/test.pironihotel.it\/wp-content\/uploads\/2025\/01\/sale-hotel-pironi-cannobio-2-650x1300.jpg\",\"datePublished\":\"2025-01-16T09:26:24+00:00\",\"dateModified\":\"2025-03-06T11:28:45+00:00\",\"description\":\"In der S\u00e4le des Hotel Pironi kann man wie im 18. Jahrhundert sein, mit sch\u00f6ner Fresken als Hintergrund f\u00fcr Ihr Fr\u00fchst\u00fcck oder nur zum Entspannen.\",\"breadcrumb\":{\"@id\":\"https:\/\/www.pironihotel.it\/de\/hotel\/sale\/#breadcrumb\"},\"inLanguage\":\"de\",\"potentialAction\":[{\"@type\":\"ReadAction\",\"target\":[\"https:\/\/www.pironihotel.it\/de\/hotel\/sale\/\"]}]},{\"@type\":\"ImageObject\",\"inLanguage\":\"de\",\"@id\":\"https:\/\/www.pironihotel.it\/de\/hotel\/sale\/#primaryimage\",\"url\":\"http:\/\/test.pironihotel.it\/wp-content\/uploads\/2025\/01\/sale-hotel-pironi-cannobio-2-650x1300.jpg\",\"contentUrl\":\"http:\/\/test.pironihotel.it\/wp-content\/uploads\/2025\/01\/sale-hotel-pironi-cannobio-2-650x1300.jpg\"},{\"@type\":\"BreadcrumbList\",\"@id\":\"https:\/\/www.pironihotel.it\/de\/hotel\/sale\/#breadcrumb\",\"itemListElement\":[{\"@type\":\"ListItem\",\"position\":1,\"name\":\"Home\",\"item\":\"https:\/\/www.pironihotel.it\/de\/\"},{\"@type\":\"ListItem\",\"position\":2,\"name\":\"Hotel\",\"item\":\"https:\/\/www.pironihotel.it\/de\/hotel\/\"},{\"@type\":\"ListItem\",\"position\":3,\"name\":\"S\u00e4le\"}]},{\"@type\":\"WebSite\",\"@id\":\"https:\/\/www.pironihotel.it\/de\/#website\",\"url\":\"https:\/\/www.pironihotel.it\/de\/\",\"name\":\"Pironi Hotel Cannobio\",\"description\":\"\",\"publisher\":{\"@id\":\"https:\/\/www.pironihotel.it\/de\/#organization\"},\"potentialAction\":[{\"@type\":\"SearchAction\",\"target\":{\"@type\":\"EntryPoint\",\"urlTemplate\":\"https:\/\/www.pironihotel.it\/de\/?s={search_term_string}\"},\"query-input\":{\"@type\":\"PropertyValueSpecification\",\"valueRequired\":true,\"valueName\":\"search_term_string\"}}],\"inLanguage\":\"de\"},{\"@type\":\"Organization\",\"@id\":\"https:\/\/www.pironihotel.it\/de\/#organization\",\"name\":\"Pironi Hotel\",\"url\":\"https:\/\/www.pironihotel.it\/de\/\",\"logo\":{\"@type\":\"ImageObject\",\"inLanguage\":\"de\",\"@id\":\"https:\/\/www.pironihotel.it\/de\/#\/schema\/logo\/image\/\",\"url\":\"https:\/\/www.pironihotel.it\/wp-content\/uploads\/2025\/03\/logo-pironi.png\",\"contentUrl\":\"https:\/\/www.pironihotel.it\/wp-content\/uploads\/2025\/03\/logo-pironi.png\",\"width\":625,\"height\":330,\"caption\":\"Pironi Hotel\"},\"image\":{\"@id\":\"https:\/\/www.pironihotel.it\/de\/#\/schema\/logo\/image\/\"},\"sameAs\":[\"https:\/\/www.facebook.com\/pages\/Hotel-Pironi-Cannobio-Lago-Maggiore\/106828992705815\",\"https:\/\/www.instagram.com\/hotelpironi\/\"]}]}<\/script>\n<!-- \/ Yoast SEO plugin. -->","yoast_head_json":{"title":"Die S\u00e4le aus dem 18. Jahrhundert des Hotel Pironi","description":"In der S\u00e4le des Hotel Pironi kann man wie im 18. Jahrhundert sein, mit sch\u00f6ner Fresken als Hintergrund f\u00fcr Ihr Fr\u00fchst\u00fcck oder nur zum Entspannen.","robots":{"index":"index","follow":"follow","max-snippet":"max-snippet:-1","max-image-preview":"max-image-preview:large","max-video-preview":"max-video-preview:-1"},"canonical":"https:\/\/www.pironihotel.it\/de\/hotel\/sale\/","og_locale":"de_DE","og_type":"article","og_title":"Die S\u00e4le aus dem 18. Jahrhundert des Hotel Pironi","og_description":"In der S\u00e4le des Hotel Pironi kann man wie im 18. Jahrhundert sein, mit sch\u00f6ner Fresken als Hintergrund f\u00fcr Ihr Fr\u00fchst\u00fcck oder nur zum Entspannen.","og_url":"https:\/\/www.pironihotel.it\/de\/hotel\/sale\/","og_site_name":"Pironi Hotel Cannobio","article_publisher":"https:\/\/www.facebook.com\/pages\/Hotel-Pironi-Cannobio-Lago-Maggiore\/106828992705815","article_modified_time":"2025-03-06T11:28:45+00:00","og_image":[{"url":"http:\/\/test.pironihotel.it\/wp-content\/uploads\/2025\/01\/sale-hotel-pironi-cannobio-2-650x1300.jpg","type":"","width":"","height":""}],"twitter_card":"summary_large_image","twitter_misc":{"Gesch\u00e4tzte Lesezeit":"1\u00a0Minute"},"schema":{"@context":"https:\/\/schema.org","@graph":[{"@type":"WebPage","@id":"https:\/\/www.pironihotel.it\/de\/hotel\/sale\/","url":"https:\/\/www.pironihotel.it\/de\/hotel\/sale\/","name":"Die S\u00e4le aus dem 18. Jahrhundert des Hotel Pironi","isPartOf":{"@id":"https:\/\/www.pironihotel.it\/de\/#website"},"primaryImageOfPage":{"@id":"https:\/\/www.pironihotel.it\/de\/hotel\/sale\/#primaryimage"},"image":{"@id":"https:\/\/www.pironihotel.it\/de\/hotel\/sale\/#primaryimage"},"thumbnailUrl":"http:\/\/test.pironihotel.it\/wp-content\/uploads\/2025\/01\/sale-hotel-pironi-cannobio-2-650x1300.jpg","datePublished":"2025-01-16T09:26:24+00:00","dateModified":"2025-03-06T11:28:45+00:00","description":"In der S\u00e4le des Hotel Pironi kann man wie im 18. Jahrhundert sein, mit sch\u00f6ner Fresken als Hintergrund f\u00fcr Ihr Fr\u00fchst\u00fcck oder nur zum Entspannen.","breadcrumb":{"@id":"https:\/\/www.pironihotel.it\/de\/hotel\/sale\/#breadcrumb"},"inLanguage":"de","potentialAction":[{"@type":"ReadAction","target":["https:\/\/www.pironihotel.it\/de\/hotel\/sale\/"]}]},{"@type":"ImageObject","inLanguage":"de","@id":"https:\/\/www.pironihotel.it\/de\/hotel\/sale\/#primaryimage","url":"http:\/\/test.pironihotel.it\/wp-content\/uploads\/2025\/01\/sale-hotel-pironi-cannobio-2-650x1300.jpg","contentUrl":"http:\/\/test.pironihotel.it\/wp-content\/uploads\/2025\/01\/sale-hotel-pironi-cannobio-2-650x1300.jpg"},{"@type":"BreadcrumbList","@id":"https:\/\/www.pironihotel.it\/de\/hotel\/sale\/#breadcrumb","itemListElement":[{"@type":"ListItem","position":1,"name":"Home","item":"https:\/\/www.pironihotel.it\/de\/"},{"@type":"ListItem","position":2,"name":"Hotel","item":"https:\/\/www.pironihotel.it\/de\/hotel\/"},{"@type":"ListItem","position":3,"name":"S\u00e4le"}]},{"@type":"WebSite","@id":"https:\/\/www.pironihotel.it\/de\/#website","url":"https:\/\/www.pironihotel.it\/de\/","name":"Pironi Hotel Cannobio","description":"","publisher":{"@id":"https:\/\/www.pironihotel.it\/de\/#organization"},"potentialAction":[{"@type":"SearchAction","target":{"@type":"EntryPoint","urlTemplate":"https:\/\/www.pironihotel.it\/de\/?s={search_term_string}"},"query-input":{"@type":"PropertyValueSpecification","valueRequired":true,"valueName":"search_term_string"}}],"inLanguage":"de"},{"@type":"Organization","@id":"https:\/\/www.pironihotel.it\/de\/#organization","name":"Pironi Hotel","url":"https:\/\/www.pironihotel.it\/de\/","logo":{"@type":"ImageObject","inLanguage":"de","@id":"https:\/\/www.pironihotel.it\/de\/#\/schema\/logo\/image\/","url":"https:\/\/www.pironihotel.it\/wp-content\/uploads\/2025\/03\/logo-pironi.png","contentUrl":"https:\/\/www.pironihotel.it\/wp-content\/uploads\/2025\/03\/logo-pironi.png","width":625,"height":330,"caption":"Pironi Hotel"},"image":{"@id":"https:\/\/www.pironihotel.it\/de\/#\/schema\/logo\/image\/"},"sameAs":["https:\/\/www.facebook.com\/pages\/Hotel-Pironi-Cannobio-Lago-Maggiore\/106828992705815","https:\/\/www.instagram.com\/hotelpironi\/"]}]}},"_links":{"self":[{"href":"https:\/\/www.pironihotel.it\/de\/wp-json\/wp\/v2\/pages\/19876","targetHints":{"allow":["GET"]}}],"collection":[{"href":"https:\/\/www.pironihotel.it\/de\/wp-json\/wp\/v2\/pages"}],"about":[{"href":"https:\/\/www.pironihotel.it\/de\/wp-json\/wp\/v2\/types\/page"}],"author":[{"embeddable":true,"href":"https:\/\/www.pironihotel.it\/de\/wp-json\/wp\/v2\/users\/2"}],"replies":[{"embeddable":true,"href":"https:\/\/www.pironihotel.it\/de\/wp-json\/wp\/v2\/comments?post=19876"}],"version-history":[{"count":0,"href":"https:\/\/www.pironihotel.it\/de\/wp-json\/wp\/v2\/pages\/19876\/revisions"}],"up":[{"embeddable":true,"href":"https:\/\/www.pironihotel.it\/de\/wp-json\/wp\/v2\/pages\/19882"}],"wp:attachment":[{"href":"https:\/\/www.pironihotel.it\/de\/wp-json\/wp\/v2\/media?parent=19876"}],"curies":[{"name":"wp","href":"https:\/\/api.w.org\/{rel}","templated":true}]}}