{"id":19882,"date":"2020-10-12T10:47:13","date_gmt":"2020-10-12T08:47:13","guid":{"rendered":"http:\/\/test.pironihotel.it\/hotel\/"},"modified":"2025-04-22T09:18:04","modified_gmt":"2025-04-22T07:18:04","slug":"hotel","status":"publish","type":"page","link":"https:\/\/www.pironihotel.it\/de\/hotel\/","title":{"rendered":"Hotel"},"content":{"rendered":"\t\t<div data-elementor-type=\"wp-page\" data-elementor-id=\"19882\" class=\"elementor elementor-19882 elementor-5853\">\n\t\t\t\t\t\t<section class=\"elementor-section elementor-top-section elementor-element elementor-element-7093f4d elementor-section-boxed elementor-section-height-default elementor-section-height-default wpr-particle-no wpr-jarallax-no wpr-parallax-no wpr-sticky-section-no qodef-elementor-content-no\" data-id=\"7093f4d\" data-element_type=\"section\">\n\t\t\t\t\t\t<div class=\"elementor-container elementor-column-gap-default\">\n\t\t\t\t\t<div class=\"elementor-column elementor-col-100 elementor-top-column elementor-element elementor-element-c710fcc\" data-id=\"c710fcc\" data-element_type=\"column\">\n\t\t\t<div class=\"elementor-widget-wrap elementor-element-populated\">\n\t\t\t\t\t\t<div class=\"elementor-element elementor-element-ed5a3eb elementor-widget elementor-widget-reina_core_section_title\" data-id=\"ed5a3eb\" data-element_type=\"widget\" data-widget_type=\"reina_core_section_title.default\">\n\t\t\t\t<div class=\"elementor-widget-container\">\n\t\t\t\t\t<div class=\"qodef-shortcode qodef-m qodef-section-title\">\n\t<div class=\"qodef-m-heading\">\n\t\t\t\t\t<h1 class=\"qodef-m-title\" >\n\t\t\t\t\tEin charmantes Hotel im Herzen von Cannobio\t\t\t<\/h1>\n\t<\/div>\n\t\t<\/div>\t\t\t\t<\/div>\n\t\t\t\t<\/div>\n\t\t\t\t<div class=\"elementor-element elementor-element-0eca5c8 elementor-widget elementor-widget-text-editor\" data-id=\"0eca5c8\" data-element_type=\"widget\" data-widget_type=\"text-editor.default\">\n\t\t\t\t<div class=\"elementor-widget-container\">\n\t\t\t\t\t\t\t\t\t<p><strong>Dieses kleine entz\u00fcckende Hotel befindet sich inmitten von Cannobio in einem antiken Palazzo aus dem 15. Jahrhunderts<\/strong>, das anfangs ein Franziskanerkloster war und sp\u00e4ter ein herrschaftlicher Palazzo wurde.<\/p><p>Das Geb\u00e4ude ist reich an Geschichte und es wurde aufwendig restauriert mit dem Anspruch die architektonischen Urspr\u00fcnge zu erhalten und eine <strong>perfekte Harmonie zwischen historisch Vorhandenem und funktioneller Modernit\u00e4t<\/strong> herzustellen: das Hotel pr\u00e4sentiert sich heute in einer Kombination aus <strong>antiken Fresken, Gew\u00f6lbedecken, Stilm\u00f6beln aus der Epoche, mittelalterliche Steins\u00e4ulen und modernen Einrichtungselementen.<\/strong><\/p><p>Wir erwarten Sie im Hotel Pironi, um einen unvergesslichen Aufenthalt in magischer Atmosph\u00e4re zu verbringen,\u2026 <strong>nur wenige Schritte vom Ufer des Lago Maggiore entfernt.<\/strong><\/p>\t\t\t\t\t\t\t\t<\/div>\n\t\t\t\t<\/div>\n\t\t\t\t<div class=\"elementor-element elementor-element-7cd20f4 elementor-widget elementor-widget-reina_core_button\" data-id=\"7cd20f4\" data-element_type=\"widget\" data-widget_type=\"reina_core_button.default\">\n\t\t\t\t<div class=\"elementor-widget-container\">\n\t\t\t\t\t<a class=\"qodef-shortcode qodef-m qodef-button qodef-layout--filled qodef-html--link\" href=\"https:\/\/booking.ericsoft.com\/de\/BookingEngine\/Book?idh=50C782440CCA60AE&#038;arrival=2025-04-22&#038;departure=2025-04-23&#038;cur=EUR&#038;guests=27717_27717\" target=\"_blank\"  style=\"background-color: #B5ACA1\">\n\t<span class=\"qodef-m-text\">JETZT Buchen <\/span>\n\t<span class=\"qodef-m-background\" style=\"color: #77695C\"><\/span>\n<\/a>\n\t\t\t\t<\/div>\n\t\t\t\t<\/div>\n\t\t\t\t\t<\/div>\n\t\t<\/div>\n\t\t\t\t\t<\/div>\n\t\t<\/section>\n\t\t\t\t<section class=\"elementor-section elementor-top-section elementor-element elementor-element-c100a0e elementor-section-boxed elementor-section-height-default elementor-section-height-default wpr-particle-no wpr-jarallax-no wpr-parallax-no wpr-sticky-section-no qodef-elementor-content-no\" data-id=\"c100a0e\" data-element_type=\"section\">\n\t\t\t\t\t\t<div class=\"elementor-container elementor-column-gap-default\">\n\t\t\t\t\t<div class=\"elementor-column elementor-col-100 elementor-top-column elementor-element elementor-element-da96b57\" data-id=\"da96b57\" data-element_type=\"column\">\n\t\t\t<div class=\"elementor-widget-wrap elementor-element-populated\">\n\t\t\t\t\t\t<div class=\"elementor-element elementor-element-912375a elementor-widget elementor-widget-qi_addons_for_elementor_image_gallery_masonry\" data-id=\"912375a\" data-element_type=\"widget\" data-widget_type=\"qi_addons_for_elementor_image_gallery_masonry.default\">\n\t\t\t\t<div class=\"elementor-widget-container\">\n\t\t\t\t\t<div class=\"qodef-shortcode qodef-m qodef-qi-image-gallery-masonry qodef-qi-fslightbox-popup qodef-popup-gallery qodef-image--hover-zoom qodef-qi-grid qodef-layout--qi-masonry qodef-items--fixed qodef-col-num--3 qodef-responsive--predefined\">\n\t<div class=\"qodef-grid-inner\">\n\t\t\t<div class=\"qodef-qi-grid-masonry-sizer\"><\/div>\n<div class=\"qodef-e qodef-image-wrapper qodef-grid-item qodef-item--portrait\">\n\t<div class=\"qodef-e-inner\">\n\t\t\t\t\t<a class=\"qodef-popup-item\" itemprop=\"image\" href=\"https:\/\/www.pironihotel.it\/wp-content\/uploads\/2025\/01\/hotel-pironi-cannobio-8.jpg\" data-type=\"image\" data-fslightbox=\"gallery-1\">\n\t\t\t\t\t<img fetchpriority=\"high\" decoding=\"async\" width=\"650\" height=\"1300\" src=\"https:\/\/www.pironihotel.it\/wp-content\/uploads\/2025\/01\/hotel-pironi-cannobio-8-650x1300.jpg\" class=\"attachment-qi_addons_for_elementor_image_size_portrait size-qi_addons_for_elementor_image_size_portrait\" alt=\"Hotel Pironi, storico hotel nel centro di Cannobio sul Lago Maggiore\" \/>\t\t\t\t\t<\/a>\n\t\t\t<\/div>\n<\/div>\n<div class=\"qodef-e qodef-image-wrapper qodef-grid-item qodef-item--square\">\n\t<div class=\"qodef-e-inner\">\n\t\t\t\t\t<a class=\"qodef-popup-item\" itemprop=\"image\" href=\"https:\/\/www.pironihotel.it\/wp-content\/uploads\/2025\/01\/hotel-pironi-cannobio-15.jpg\" data-type=\"image\" data-fslightbox=\"gallery-1\">\n\t\t\t\t\t<img decoding=\"async\" width=\"650\" height=\"650\" src=\"https:\/\/www.pironihotel.it\/wp-content\/uploads\/2025\/01\/hotel-pironi-cannobio-15-650x650.jpg\" class=\"attachment-qi_addons_for_elementor_image_size_square size-qi_addons_for_elementor_image_size_square\" alt=\"Antica insegna Pironi Hotel Cannobio\" srcset=\"https:\/\/www.pironihotel.it\/wp-content\/uploads\/2025\/01\/hotel-pironi-cannobio-15-650x650.jpg 650w, https:\/\/www.pironihotel.it\/wp-content\/uploads\/2025\/01\/hotel-pironi-cannobio-15-150x150.jpg 150w, https:\/\/www.pironihotel.it\/wp-content\/uploads\/2025\/01\/hotel-pironi-cannobio-15-300x300.jpg 300w, https:\/\/www.pironihotel.it\/wp-content\/uploads\/2025\/01\/hotel-pironi-cannobio-15-100x100.jpg 100w\" sizes=\"(max-width: 650px) 100vw, 650px\" \/>\t\t\t\t\t<\/a>\n\t\t\t<\/div>\n<\/div>\n<div class=\"qodef-e qodef-image-wrapper qodef-grid-item qodef-item--square\">\n\t<div class=\"qodef-e-inner\">\n\t\t\t\t\t<a class=\"qodef-popup-item\" itemprop=\"image\" href=\"https:\/\/www.pironihotel.it\/wp-content\/uploads\/2025\/01\/hotel-pironi-cannobio-12.jpg\" data-type=\"image\" data-fslightbox=\"gallery-1\">\n\t\t\t\t\t<img decoding=\"async\" width=\"650\" height=\"650\" src=\"https:\/\/www.pironihotel.it\/wp-content\/uploads\/2025\/01\/hotel-pironi-cannobio-12-650x650.jpg\" class=\"attachment-qi_addons_for_elementor_image_size_square size-qi_addons_for_elementor_image_size_square\" alt=\"Pironi Hotel Cannobio\" srcset=\"https:\/\/www.pironihotel.it\/wp-content\/uploads\/2025\/01\/hotel-pironi-cannobio-12-650x650.jpg 650w, https:\/\/www.pironihotel.it\/wp-content\/uploads\/2025\/01\/hotel-pironi-cannobio-12-150x150.jpg 150w, https:\/\/www.pironihotel.it\/wp-content\/uploads\/2025\/01\/hotel-pironi-cannobio-12-300x300.jpg 300w, https:\/\/www.pironihotel.it\/wp-content\/uploads\/2025\/01\/hotel-pironi-cannobio-12-100x100.jpg 100w\" sizes=\"(max-width: 650px) 100vw, 650px\" \/>\t\t\t\t\t<\/a>\n\t\t\t<\/div>\n<\/div>\n<div class=\"qodef-e qodef-image-wrapper qodef-grid-item qodef-item--landscape\">\n\t<div class=\"qodef-e-inner\">\n\t\t\t\t\t<a class=\"qodef-popup-item\" itemprop=\"image\" href=\"https:\/\/www.pironihotel.it\/wp-content\/uploads\/2025\/01\/hotel-pironi-cannobio-16.jpg\" data-type=\"image\" data-fslightbox=\"gallery-1\">\n\t\t\t\t\t<img loading=\"lazy\" decoding=\"async\" width=\"1300\" height=\"650\" src=\"https:\/\/www.pironihotel.it\/wp-content\/uploads\/2025\/01\/hotel-pironi-cannobio-16-1300x650.jpg\" class=\"attachment-qi_addons_for_elementor_image_size_landscape size-qi_addons_for_elementor_image_size_landscape\" alt=\"Reception Pironi Hotel Cannobio\" \/>\t\t\t\t\t<\/a>\n\t\t\t<\/div>\n<\/div>\n<div class=\"qodef-e qodef-image-wrapper qodef-grid-item qodef-item--square\">\n\t<div class=\"qodef-e-inner\">\n\t\t\t\t\t<a class=\"qodef-popup-item\" itemprop=\"image\" href=\"https:\/\/www.pironihotel.it\/wp-content\/uploads\/2025\/01\/hotel-pironi-cannobio-9.jpg\" data-type=\"image\" data-fslightbox=\"gallery-1\">\n\t\t\t\t\t<img loading=\"lazy\" decoding=\"async\" width=\"650\" height=\"650\" src=\"https:\/\/www.pironihotel.it\/wp-content\/uploads\/2025\/01\/hotel-pironi-cannobio-9-650x650.jpg\" class=\"attachment-qi_addons_for_elementor_image_size_square size-qi_addons_for_elementor_image_size_square\" alt=\"Pironi Hotel Cannobio\" srcset=\"https:\/\/www.pironihotel.it\/wp-content\/uploads\/2025\/01\/hotel-pironi-cannobio-9-650x650.jpg 650w, https:\/\/www.pironihotel.it\/wp-content\/uploads\/2025\/01\/hotel-pironi-cannobio-9-150x150.jpg 150w, https:\/\/www.pironihotel.it\/wp-content\/uploads\/2025\/01\/hotel-pironi-cannobio-9-300x300.jpg 300w, https:\/\/www.pironihotel.it\/wp-content\/uploads\/2025\/01\/hotel-pironi-cannobio-9-100x100.jpg 100w\" sizes=\"(max-width: 650px) 100vw, 650px\" \/>\t\t\t\t\t<\/a>\n\t\t\t<\/div>\n<\/div>\n<div class=\"qodef-e qodef-image-wrapper qodef-grid-item qodef-item--square\">\n\t<div class=\"qodef-e-inner\">\n\t\t\t\t\t<a class=\"qodef-popup-item\" itemprop=\"image\" href=\"https:\/\/www.pironihotel.it\/wp-content\/uploads\/2025\/01\/hotel-pironi-cannobio-4.jpg\" data-type=\"image\" data-fslightbox=\"gallery-1\">\n\t\t\t\t\t<img loading=\"lazy\" decoding=\"async\" width=\"650\" height=\"650\" src=\"https:\/\/www.pironihotel.it\/wp-content\/uploads\/2025\/01\/hotel-pironi-cannobio-4-650x650.jpg\" class=\"attachment-qi_addons_for_elementor_image_size_square size-qi_addons_for_elementor_image_size_square\" alt=\"Ingresso Pironi Hotel Cannobio\" srcset=\"https:\/\/www.pironihotel.it\/wp-content\/uploads\/2025\/01\/hotel-pironi-cannobio-4-650x650.jpg 650w, https:\/\/www.pironihotel.it\/wp-content\/uploads\/2025\/01\/hotel-pironi-cannobio-4-150x150.jpg 150w, https:\/\/www.pironihotel.it\/wp-content\/uploads\/2025\/01\/hotel-pironi-cannobio-4-300x300.jpg 300w, https:\/\/www.pironihotel.it\/wp-content\/uploads\/2025\/01\/hotel-pironi-cannobio-4-100x100.jpg 100w\" sizes=\"(max-width: 650px) 100vw, 650px\" \/>\t\t\t\t\t<\/a>\n\t\t\t<\/div>\n<\/div>\n<div class=\"qodef-e qodef-image-wrapper qodef-grid-item qodef-item--square\">\n\t<div class=\"qodef-e-inner\">\n\t\t\t\t\t<a class=\"qodef-popup-item\" itemprop=\"image\" href=\"https:\/\/www.pironihotel.it\/wp-content\/uploads\/2025\/01\/hotel-pironi-3.jpg\" data-type=\"image\" data-fslightbox=\"gallery-1\">\n\t\t\t\t\t<img loading=\"lazy\" decoding=\"async\" width=\"650\" height=\"650\" src=\"https:\/\/www.pironihotel.it\/wp-content\/uploads\/2025\/01\/hotel-pironi-3-650x650.jpg\" class=\"attachment-qi_addons_for_elementor_image_size_square size-qi_addons_for_elementor_image_size_square\" alt=\"Reception Pironi Hotel Cannobio\" srcset=\"https:\/\/www.pironihotel.it\/wp-content\/uploads\/2025\/01\/hotel-pironi-3-650x650.jpg 650w, https:\/\/www.pironihotel.it\/wp-content\/uploads\/2025\/01\/hotel-pironi-3-150x150.jpg 150w, https:\/\/www.pironihotel.it\/wp-content\/uploads\/2025\/01\/hotel-pironi-3-300x300.jpg 300w, https:\/\/www.pironihotel.it\/wp-content\/uploads\/2025\/01\/hotel-pironi-3-100x100.jpg 100w\" sizes=\"(max-width: 650px) 100vw, 650px\" \/>\t\t\t\t\t<\/a>\n\t\t\t<\/div>\n<\/div>\n<div class=\"qodef-e qodef-image-wrapper qodef-grid-item qodef-item--landscape\">\n\t<div class=\"qodef-e-inner\">\n\t\t\t\t\t<a class=\"qodef-popup-item\" itemprop=\"image\" href=\"https:\/\/www.pironihotel.it\/wp-content\/uploads\/2025\/01\/hotel-pironi-cannobio-17.jpg\" data-type=\"image\" data-fslightbox=\"gallery-1\">\n\t\t\t\t\t<img loading=\"lazy\" decoding=\"async\" width=\"1300\" height=\"650\" src=\"https:\/\/www.pironihotel.it\/wp-content\/uploads\/2025\/01\/hotel-pironi-cannobio-17-1300x650.jpg\" class=\"attachment-qi_addons_for_elementor_image_size_landscape size-qi_addons_for_elementor_image_size_landscape\" alt=\"Portico affrescato Pironi Hotel Cannobio\" \/>\t\t\t\t\t<\/a>\n\t\t\t<\/div>\n<\/div>\n<div class=\"qodef-e qodef-image-wrapper qodef-grid-item qodef-item--square\">\n\t<div class=\"qodef-e-inner\">\n\t\t\t\t\t<a class=\"qodef-popup-item\" itemprop=\"image\" href=\"https:\/\/www.pironihotel.it\/wp-content\/uploads\/2025\/01\/hotel-pironi-cannobio-3.jpg\" data-type=\"image\" data-fslightbox=\"gallery-1\">\n\t\t\t\t\t<img loading=\"lazy\" decoding=\"async\" width=\"650\" height=\"650\" src=\"https:\/\/www.pironihotel.it\/wp-content\/uploads\/2025\/01\/hotel-pironi-cannobio-3-650x650.jpg\" class=\"attachment-qi_addons_for_elementor_image_size_square size-qi_addons_for_elementor_image_size_square\" alt=\"Pironi Hotel Cannobio\" srcset=\"https:\/\/www.pironihotel.it\/wp-content\/uploads\/2025\/01\/hotel-pironi-cannobio-3-650x650.jpg 650w, https:\/\/www.pironihotel.it\/wp-content\/uploads\/2025\/01\/hotel-pironi-cannobio-3-150x150.jpg 150w, https:\/\/www.pironihotel.it\/wp-content\/uploads\/2025\/01\/hotel-pironi-cannobio-3-300x300.jpg 300w, https:\/\/www.pironihotel.it\/wp-content\/uploads\/2025\/01\/hotel-pironi-cannobio-3-100x100.jpg 100w\" sizes=\"(max-width: 650px) 100vw, 650px\" \/>\t\t\t\t\t<\/a>\n\t\t\t<\/div>\n<\/div>\n\t<\/div>\n<\/div>\n\t\t\t\t<\/div>\n\t\t\t\t<\/div>\n\t\t\t\t\t<\/div>\n\t\t<\/div>\n\t\t\t\t\t<\/div>\n\t\t<\/section>\n\t\t\t\t<\/div>\n\t\t","protected":false},"excerpt":{"rendered":"<p>Ein charmantes Hotel im Herzen von Cannobio Dieses kleine entz\u00fcckende Hotel befindet sich inmitten von Cannobio in einem antiken Palazzo aus dem 15. Jahrhunderts, das anfangs ein Franziskanerkloster war und sp\u00e4ter ein herrschaftlicher Palazzo wurde. Das Geb\u00e4ude ist reich an Geschichte und es wurde aufwendig restauriert mit dem Anspruch die architektonischen Urspr\u00fcnge zu erhalten und eine perfekte Harmonie zwischen historisch Vorhandenem und funktioneller Modernit\u00e4t herzustellen: das Hotel pr\u00e4sentiert sich heute in einer Kombination aus antiken Fresken, Gew\u00f6lbedecken, Stilm\u00f6beln aus der Epoche, mittelalterliche Steins\u00e4ulen und modernen Einrichtungselementen. Wir erwarten Sie im Hotel Pironi, um einen unvergesslichen Aufenthalt in magischer Atmosph\u00e4re zu verbringen,\u2026 nur wenige Schritte vom Ufer des Lago Maggiore entfernt. JETZT Buchen<\/p>\n","protected":false},"author":2,"featured_media":0,"parent":0,"menu_order":0,"comment_status":"closed","ping_status":"closed","template":"page-full-width.php","meta":{"footnotes":""},"class_list":["post-19882","page","type-page","status-publish","hentry"],"yoast_head":"<!-- This site is optimized with the Yoast SEO plugin v26.3 - https:\/\/yoast.com\/wordpress\/plugins\/seo\/ -->\n<title>Hotel Pironi, Eleganz und Geschichte an der Ecke des Lago Maggiore<\/title>\n<meta name=\"description\" content=\"Das Hotel Pironi, liebevoll und aufwendig rekonstruiert, ist im Stilm\u00f6beln eingerichtet, um den Charme des 15. Jahrhunderts zu erhalten.\" \/>\n<meta name=\"robots\" content=\"index, follow, max-snippet:-1, max-image-preview:large, max-video-preview:-1\" \/>\n<link rel=\"canonical\" href=\"https:\/\/www.pironihotel.it\/de\/hotel\/\" \/>\n<meta property=\"og:locale\" content=\"de_DE\" \/>\n<meta property=\"og:type\" content=\"article\" \/>\n<meta property=\"og:title\" content=\"Hotel Pironi, Eleganz und Geschichte an der Ecke des Lago Maggiore\" \/>\n<meta property=\"og:description\" content=\"Das Hotel Pironi, liebevoll und aufwendig rekonstruiert, ist im Stilm\u00f6beln eingerichtet, um den Charme des 15. Jahrhunderts zu erhalten.\" \/>\n<meta property=\"og:url\" content=\"https:\/\/www.pironihotel.it\/de\/hotel\/\" \/>\n<meta property=\"og:site_name\" content=\"Pironi Hotel Cannobio\" \/>\n<meta property=\"article:publisher\" content=\"https:\/\/www.facebook.com\/pages\/Hotel-Pironi-Cannobio-Lago-Maggiore\/106828992705815\" \/>\n<meta property=\"article:modified_time\" content=\"2025-04-22T07:18:04+00:00\" \/>\n<meta property=\"og:image\" content=\"https:\/\/www.pironihotel.it\/wp-content\/uploads\/2025\/01\/hotel-pironi-cannobio-8-650x1300.jpg\" \/>\n<meta name=\"twitter:card\" content=\"summary_large_image\" \/>\n<meta name=\"twitter:label1\" content=\"Gesch\u00e4tzte Lesezeit\" \/>\n\t<meta name=\"twitter:data1\" content=\"1\u00a0Minute\" \/>\n<script type=\"application\/ld+json\" class=\"yoast-schema-graph\">{\"@context\":\"https:\/\/schema.org\",\"@graph\":[{\"@type\":\"WebPage\",\"@id\":\"https:\/\/www.pironihotel.it\/de\/hotel\/\",\"url\":\"https:\/\/www.pironihotel.it\/de\/hotel\/\",\"name\":\"Hotel Pironi, Eleganz und Geschichte an der Ecke des Lago Maggiore\",\"isPartOf\":{\"@id\":\"https:\/\/www.pironihotel.it\/de\/#website\"},\"primaryImageOfPage\":{\"@id\":\"https:\/\/www.pironihotel.it\/de\/hotel\/#primaryimage\"},\"image\":{\"@id\":\"https:\/\/www.pironihotel.it\/de\/hotel\/#primaryimage\"},\"thumbnailUrl\":\"https:\/\/www.pironihotel.it\/wp-content\/uploads\/2025\/01\/hotel-pironi-cannobio-8-650x1300.jpg\",\"datePublished\":\"2020-10-12T08:47:13+00:00\",\"dateModified\":\"2025-04-22T07:18:04+00:00\",\"description\":\"Das Hotel Pironi, liebevoll und aufwendig rekonstruiert, ist im Stilm\u00f6beln eingerichtet, um den Charme des 15. Jahrhunderts zu erhalten.\",\"breadcrumb\":{\"@id\":\"https:\/\/www.pironihotel.it\/de\/hotel\/#breadcrumb\"},\"inLanguage\":\"de\",\"potentialAction\":[{\"@type\":\"ReadAction\",\"target\":[\"https:\/\/www.pironihotel.it\/de\/hotel\/\"]}]},{\"@type\":\"ImageObject\",\"inLanguage\":\"de\",\"@id\":\"https:\/\/www.pironihotel.it\/de\/hotel\/#primaryimage\",\"url\":\"https:\/\/www.pironihotel.it\/wp-content\/uploads\/2025\/01\/hotel-pironi-cannobio-8-650x1300.jpg\",\"contentUrl\":\"https:\/\/www.pironihotel.it\/wp-content\/uploads\/2025\/01\/hotel-pironi-cannobio-8-650x1300.jpg\"},{\"@type\":\"BreadcrumbList\",\"@id\":\"https:\/\/www.pironihotel.it\/de\/hotel\/#breadcrumb\",\"itemListElement\":[{\"@type\":\"ListItem\",\"position\":1,\"name\":\"Home\",\"item\":\"https:\/\/www.pironihotel.it\/de\/\"},{\"@type\":\"ListItem\",\"position\":2,\"name\":\"Hotel\"}]},{\"@type\":\"WebSite\",\"@id\":\"https:\/\/www.pironihotel.it\/de\/#website\",\"url\":\"https:\/\/www.pironihotel.it\/de\/\",\"name\":\"Pironi Hotel Cannobio\",\"description\":\"\",\"publisher\":{\"@id\":\"https:\/\/www.pironihotel.it\/de\/#organization\"},\"potentialAction\":[{\"@type\":\"SearchAction\",\"target\":{\"@type\":\"EntryPoint\",\"urlTemplate\":\"https:\/\/www.pironihotel.it\/de\/?s={search_term_string}\"},\"query-input\":{\"@type\":\"PropertyValueSpecification\",\"valueRequired\":true,\"valueName\":\"search_term_string\"}}],\"inLanguage\":\"de\"},{\"@type\":\"Organization\",\"@id\":\"https:\/\/www.pironihotel.it\/de\/#organization\",\"name\":\"Pironi Hotel\",\"url\":\"https:\/\/www.pironihotel.it\/de\/\",\"logo\":{\"@type\":\"ImageObject\",\"inLanguage\":\"de\",\"@id\":\"https:\/\/www.pironihotel.it\/de\/#\/schema\/logo\/image\/\",\"url\":\"https:\/\/www.pironihotel.it\/wp-content\/uploads\/2025\/03\/logo-pironi.png\",\"contentUrl\":\"https:\/\/www.pironihotel.it\/wp-content\/uploads\/2025\/03\/logo-pironi.png\",\"width\":625,\"height\":330,\"caption\":\"Pironi Hotel\"},\"image\":{\"@id\":\"https:\/\/www.pironihotel.it\/de\/#\/schema\/logo\/image\/\"},\"sameAs\":[\"https:\/\/www.facebook.com\/pages\/Hotel-Pironi-Cannobio-Lago-Maggiore\/106828992705815\",\"https:\/\/www.instagram.com\/hotelpironi\/\"]}]}<\/script>\n<!-- \/ Yoast SEO plugin. -->","yoast_head_json":{"title":"Hotel Pironi, Eleganz und Geschichte an der Ecke des Lago Maggiore","description":"Das Hotel Pironi, liebevoll und aufwendig rekonstruiert, ist im Stilm\u00f6beln eingerichtet, um den Charme des 15. Jahrhunderts zu erhalten.","robots":{"index":"index","follow":"follow","max-snippet":"max-snippet:-1","max-image-preview":"max-image-preview:large","max-video-preview":"max-video-preview:-1"},"canonical":"https:\/\/www.pironihotel.it\/de\/hotel\/","og_locale":"de_DE","og_type":"article","og_title":"Hotel Pironi, Eleganz und Geschichte an der Ecke des Lago Maggiore","og_description":"Das Hotel Pironi, liebevoll und aufwendig rekonstruiert, ist im Stilm\u00f6beln eingerichtet, um den Charme des 15. Jahrhunderts zu erhalten.","og_url":"https:\/\/www.pironihotel.it\/de\/hotel\/","og_site_name":"Pironi Hotel Cannobio","article_publisher":"https:\/\/www.facebook.com\/pages\/Hotel-Pironi-Cannobio-Lago-Maggiore\/106828992705815","article_modified_time":"2025-04-22T07:18:04+00:00","og_image":[{"url":"https:\/\/www.pironihotel.it\/wp-content\/uploads\/2025\/01\/hotel-pironi-cannobio-8-650x1300.jpg","type":"","width":"","height":""}],"twitter_card":"summary_large_image","twitter_misc":{"Gesch\u00e4tzte Lesezeit":"1\u00a0Minute"},"schema":{"@context":"https:\/\/schema.org","@graph":[{"@type":"WebPage","@id":"https:\/\/www.pironihotel.it\/de\/hotel\/","url":"https:\/\/www.pironihotel.it\/de\/hotel\/","name":"Hotel Pironi, Eleganz und Geschichte an der Ecke des Lago Maggiore","isPartOf":{"@id":"https:\/\/www.pironihotel.it\/de\/#website"},"primaryImageOfPage":{"@id":"https:\/\/www.pironihotel.it\/de\/hotel\/#primaryimage"},"image":{"@id":"https:\/\/www.pironihotel.it\/de\/hotel\/#primaryimage"},"thumbnailUrl":"https:\/\/www.pironihotel.it\/wp-content\/uploads\/2025\/01\/hotel-pironi-cannobio-8-650x1300.jpg","datePublished":"2020-10-12T08:47:13+00:00","dateModified":"2025-04-22T07:18:04+00:00","description":"Das Hotel Pironi, liebevoll und aufwendig rekonstruiert, ist im Stilm\u00f6beln eingerichtet, um den Charme des 15. Jahrhunderts zu erhalten.","breadcrumb":{"@id":"https:\/\/www.pironihotel.it\/de\/hotel\/#breadcrumb"},"inLanguage":"de","potentialAction":[{"@type":"ReadAction","target":["https:\/\/www.pironihotel.it\/de\/hotel\/"]}]},{"@type":"ImageObject","inLanguage":"de","@id":"https:\/\/www.pironihotel.it\/de\/hotel\/#primaryimage","url":"https:\/\/www.pironihotel.it\/wp-content\/uploads\/2025\/01\/hotel-pironi-cannobio-8-650x1300.jpg","contentUrl":"https:\/\/www.pironihotel.it\/wp-content\/uploads\/2025\/01\/hotel-pironi-cannobio-8-650x1300.jpg"},{"@type":"BreadcrumbList","@id":"https:\/\/www.pironihotel.it\/de\/hotel\/#breadcrumb","itemListElement":[{"@type":"ListItem","position":1,"name":"Home","item":"https:\/\/www.pironihotel.it\/de\/"},{"@type":"ListItem","position":2,"name":"Hotel"}]},{"@type":"WebSite","@id":"https:\/\/www.pironihotel.it\/de\/#website","url":"https:\/\/www.pironihotel.it\/de\/","name":"Pironi Hotel Cannobio","description":"","publisher":{"@id":"https:\/\/www.pironihotel.it\/de\/#organization"},"potentialAction":[{"@type":"SearchAction","target":{"@type":"EntryPoint","urlTemplate":"https:\/\/www.pironihotel.it\/de\/?s={search_term_string}"},"query-input":{"@type":"PropertyValueSpecification","valueRequired":true,"valueName":"search_term_string"}}],"inLanguage":"de"},{"@type":"Organization","@id":"https:\/\/www.pironihotel.it\/de\/#organization","name":"Pironi Hotel","url":"https:\/\/www.pironihotel.it\/de\/","logo":{"@type":"ImageObject","inLanguage":"de","@id":"https:\/\/www.pironihotel.it\/de\/#\/schema\/logo\/image\/","url":"https:\/\/www.pironihotel.it\/wp-content\/uploads\/2025\/03\/logo-pironi.png","contentUrl":"https:\/\/www.pironihotel.it\/wp-content\/uploads\/2025\/03\/logo-pironi.png","width":625,"height":330,"caption":"Pironi Hotel"},"image":{"@id":"https:\/\/www.pironihotel.it\/de\/#\/schema\/logo\/image\/"},"sameAs":["https:\/\/www.facebook.com\/pages\/Hotel-Pironi-Cannobio-Lago-Maggiore\/106828992705815","https:\/\/www.instagram.com\/hotelpironi\/"]}]}},"_links":{"self":[{"href":"https:\/\/www.pironihotel.it\/de\/wp-json\/wp\/v2\/pages\/19882","targetHints":{"allow":["GET"]}}],"collection":[{"href":"https:\/\/www.pironihotel.it\/de\/wp-json\/wp\/v2\/pages"}],"about":[{"href":"https:\/\/www.pironihotel.it\/de\/wp-json\/wp\/v2\/types\/page"}],"author":[{"embeddable":true,"href":"https:\/\/www.pironihotel.it\/de\/wp-json\/wp\/v2\/users\/2"}],"replies":[{"embeddable":true,"href":"https:\/\/www.pironihotel.it\/de\/wp-json\/wp\/v2\/comments?post=19882"}],"version-history":[{"count":0,"href":"https:\/\/www.pironihotel.it\/de\/wp-json\/wp\/v2\/pages\/19882\/revisions"}],"wp:attachment":[{"href":"https:\/\/www.pironihotel.it\/de\/wp-json\/wp\/v2\/media?parent=19882"}],"curies":[{"name":"wp","href":"https:\/\/api.w.org\/{rel}","templated":true}]}}