{"id":19875,"date":"2025-01-16T10:26:24","date_gmt":"2025-01-16T09:26:24","guid":{"rendered":"http:\/\/test.pironihotel.it\/sale\/"},"modified":"2025-03-13T14:42:00","modified_gmt":"2025-03-13T13:42:00","slug":"salles","status":"publish","type":"page","link":"https:\/\/www.pironihotel.it\/fr\/hotel\/salles\/","title":{"rendered":"Salles"},"content":{"rendered":"\t\t<div data-elementor-type=\"wp-page\" data-elementor-id=\"19875\" class=\"elementor elementor-19875 elementor-17569\">\n\t\t\t\t\t\t<section class=\"elementor-section elementor-top-section elementor-element elementor-element-7093f4d elementor-section-boxed elementor-section-height-default elementor-section-height-default wpr-particle-no wpr-jarallax-no wpr-parallax-no wpr-sticky-section-no qodef-elementor-content-no\" data-id=\"7093f4d\" data-element_type=\"section\">\n\t\t\t\t\t\t<div class=\"elementor-container elementor-column-gap-default\">\n\t\t\t\t\t<div class=\"elementor-column elementor-col-100 elementor-top-column elementor-element elementor-element-c710fcc\" data-id=\"c710fcc\" data-element_type=\"column\">\n\t\t\t<div class=\"elementor-widget-wrap elementor-element-populated\">\n\t\t\t\t\t\t<div class=\"elementor-element elementor-element-ed5a3eb elementor-widget elementor-widget-reina_core_section_title\" data-id=\"ed5a3eb\" data-element_type=\"widget\" data-widget_type=\"reina_core_section_title.default\">\n\t\t\t\t<div class=\"elementor-widget-container\">\n\t\t\t\t\t<div class=\"qodef-shortcode qodef-m qodef-section-title\">\n\t<div class=\"qodef-m-heading\">\n\t\t\t\t\t<h1 class=\"qodef-m-title\" >\n\t\t\t\t\tEspaces raffin\u00e9s et intemporels pour votre s\u00e9jour\t\t\t<\/h1>\n\t<\/div>\n\t\t<\/div>\t\t\t\t<\/div>\n\t\t\t\t<\/div>\n\t\t\t\t<div class=\"elementor-element elementor-element-935a9ea elementor-widget elementor-widget-text-editor\" data-id=\"935a9ea\" data-element_type=\"widget\" data-widget_type=\"text-editor.default\">\n\t\t\t\t<div class=\"elementor-widget-container\">\n\t\t\t\t\t\t\t\t\t<p>La mani\u00e8re id\u00e9ale pour commencer votre journ\u00e9e \u00e0 d\u00e9couvrir les beaut\u00e9s du Lac Majeur, est notre copieux petit d\u00e9jeuner \u00e0 buffet, servi dans la salle principale et dans la splendide salle du \u2018700. Un petit bijou o\u00f9 le temps semble s\u2019\u00eatre arr\u00eat\u00e9 : <strong>murs et plafonds sont enti\u00e8rement d\u00e9cor\u00e9s \u00e0 fresques<\/strong>, serrurerie en bois et sol en terre cuite \u00e0 deux couleurs beige et rouge avec ardoise noir, tous \u00e9l\u00e9ments encore original.<\/p><p>Le salon au premier \u00e9tage est id\u00e9al pour lire, travailler et se relaxer. Un salon <strong>raffin\u00e9 et tranquille<\/strong> avec une merveilleuse chemin\u00e9e, o\u00f9 vous pouvez boire un caf\u00e9 ou un tee au coin self-service, ou utiliser l\u2019ordinateur \u00e0 disposition des clients aussi comme le Wi-Fi gratuit.<\/p>\t\t\t\t\t\t\t\t<\/div>\n\t\t\t\t<\/div>\n\t\t\t\t\t<\/div>\n\t\t<\/div>\n\t\t\t\t\t<\/div>\n\t\t<\/section>\n\t\t\t\t<section class=\"elementor-section elementor-top-section elementor-element elementor-element-c100a0e elementor-section-boxed elementor-section-height-default elementor-section-height-default wpr-particle-no wpr-jarallax-no wpr-parallax-no wpr-sticky-section-no qodef-elementor-content-no\" data-id=\"c100a0e\" data-element_type=\"section\">\n\t\t\t\t\t\t<div class=\"elementor-container elementor-column-gap-default\">\n\t\t\t\t\t<div class=\"elementor-column elementor-col-100 elementor-top-column elementor-element elementor-element-da96b57\" data-id=\"da96b57\" data-element_type=\"column\">\n\t\t\t<div class=\"elementor-widget-wrap elementor-element-populated\">\n\t\t\t\t\t\t<div class=\"elementor-element elementor-element-32f2734 elementor-widget elementor-widget-qi_addons_for_elementor_image_gallery_masonry\" data-id=\"32f2734\" data-element_type=\"widget\" data-widget_type=\"qi_addons_for_elementor_image_gallery_masonry.default\">\n\t\t\t\t<div class=\"elementor-widget-container\">\n\t\t\t\t\t<div class=\"qodef-shortcode qodef-m qodef-qi-image-gallery-masonry qodef-qi-fslightbox-popup qodef-popup-gallery qodef-image--hover-zoom qodef-qi-grid qodef-layout--qi-masonry qodef-items--fixed qodef-col-num--3 qodef-responsive--predefined\">\n\t<div class=\"qodef-grid-inner\">\n\t\t\t<div class=\"qodef-qi-grid-masonry-sizer\"><\/div>\n<div class=\"qodef-e qodef-image-wrapper qodef-grid-item qodef-item--portrait\">\n\t<div class=\"qodef-e-inner\">\n\t\t\t\t\t<a class=\"qodef-popup-item\" itemprop=\"image\" href=\"https:\/\/www.pironihotel.it\/wp-content\/uploads\/2025\/01\/sale-hotel-pironi-cannobio-2.jpg\" data-type=\"image\" data-fslightbox=\"gallery-1\">\n\t\t\t\t\t<img fetchpriority=\"high\" decoding=\"async\" width=\"650\" height=\"1300\" src=\"https:\/\/www.pironihotel.it\/wp-content\/uploads\/2025\/01\/sale-hotel-pironi-cannobio-2-650x1300.jpg\" class=\"attachment-qi_addons_for_elementor_image_size_portrait size-qi_addons_for_elementor_image_size_portrait\" alt=\"Sale Pironi Hotel Cannobio\" \/>\t\t\t\t\t<\/a>\n\t\t\t<\/div>\n<\/div>\n<div class=\"qodef-e qodef-image-wrapper qodef-grid-item qodef-item--square\">\n\t<div class=\"qodef-e-inner\">\n\t\t\t\t\t<a class=\"qodef-popup-item\" itemprop=\"image\" href=\"https:\/\/www.pironihotel.it\/wp-content\/uploads\/2025\/01\/sale-hotel-pironi-cannobio-1.jpg\" data-type=\"image\" data-fslightbox=\"gallery-1\">\n\t\t\t\t\t<img decoding=\"async\" width=\"650\" height=\"650\" src=\"https:\/\/www.pironihotel.it\/wp-content\/uploads\/2025\/01\/sale-hotel-pironi-cannobio-1-650x650.jpg\" class=\"attachment-qi_addons_for_elementor_image_size_square size-qi_addons_for_elementor_image_size_square\" alt=\"Sale Pironi Hotel Cannobio\" srcset=\"https:\/\/www.pironihotel.it\/wp-content\/uploads\/2025\/01\/sale-hotel-pironi-cannobio-1-650x650.jpg 650w, https:\/\/www.pironihotel.it\/wp-content\/uploads\/2025\/01\/sale-hotel-pironi-cannobio-1-150x150.jpg 150w, https:\/\/www.pironihotel.it\/wp-content\/uploads\/2025\/01\/sale-hotel-pironi-cannobio-1-300x300.jpg 300w, https:\/\/www.pironihotel.it\/wp-content\/uploads\/2025\/01\/sale-hotel-pironi-cannobio-1-100x100.jpg 100w\" sizes=\"(max-width: 650px) 100vw, 650px\" \/>\t\t\t\t\t<\/a>\n\t\t\t<\/div>\n<\/div>\n<div class=\"qodef-e qodef-image-wrapper qodef-grid-item qodef-item--square\">\n\t<div class=\"qodef-e-inner\">\n\t\t\t\t\t<a class=\"qodef-popup-item\" itemprop=\"image\" href=\"https:\/\/www.pironihotel.it\/wp-content\/uploads\/2025\/01\/sale-hotel-pironi-cannobio-9.jpg\" data-type=\"image\" data-fslightbox=\"gallery-1\">\n\t\t\t\t\t<img decoding=\"async\" width=\"650\" height=\"650\" src=\"https:\/\/www.pironihotel.it\/wp-content\/uploads\/2025\/01\/sale-hotel-pironi-cannobio-9-650x650.jpg\" class=\"attachment-qi_addons_for_elementor_image_size_square size-qi_addons_for_elementor_image_size_square\" alt=\"Sale Pironi Hotel Cannobio\" srcset=\"https:\/\/www.pironihotel.it\/wp-content\/uploads\/2025\/01\/sale-hotel-pironi-cannobio-9-650x650.jpg 650w, https:\/\/www.pironihotel.it\/wp-content\/uploads\/2025\/01\/sale-hotel-pironi-cannobio-9-150x150.jpg 150w, https:\/\/www.pironihotel.it\/wp-content\/uploads\/2025\/01\/sale-hotel-pironi-cannobio-9-300x300.jpg 300w, https:\/\/www.pironihotel.it\/wp-content\/uploads\/2025\/01\/sale-hotel-pironi-cannobio-9-100x100.jpg 100w\" sizes=\"(max-width: 650px) 100vw, 650px\" \/>\t\t\t\t\t<\/a>\n\t\t\t<\/div>\n<\/div>\n<div class=\"qodef-e qodef-image-wrapper qodef-grid-item qodef-item--landscape\">\n\t<div class=\"qodef-e-inner\">\n\t\t\t\t\t<a class=\"qodef-popup-item\" itemprop=\"image\" href=\"https:\/\/www.pironihotel.it\/wp-content\/uploads\/2025\/01\/sale-hotel-pironi-cannobio-11.jpg\" data-type=\"image\" data-fslightbox=\"gallery-1\">\n\t\t\t\t\t<img loading=\"lazy\" decoding=\"async\" width=\"1160\" height=\"650\" src=\"https:\/\/www.pironihotel.it\/wp-content\/uploads\/2025\/01\/sale-hotel-pironi-cannobio-11-1160x650.jpg\" class=\"attachment-qi_addons_for_elementor_image_size_landscape size-qi_addons_for_elementor_image_size_landscape\" alt=\"Sale Pironi Hotel Cannobio\" \/>\t\t\t\t\t<\/a>\n\t\t\t<\/div>\n<\/div>\n<div class=\"qodef-e qodef-image-wrapper qodef-grid-item qodef-item--square\">\n\t<div class=\"qodef-e-inner\">\n\t\t\t\t\t<a class=\"qodef-popup-item\" itemprop=\"image\" href=\"https:\/\/www.pironihotel.it\/wp-content\/uploads\/2025\/01\/sale-hotel-pironi-cannobio-6.jpg\" data-type=\"image\" data-fslightbox=\"gallery-1\">\n\t\t\t\t\t<img loading=\"lazy\" decoding=\"async\" width=\"650\" height=\"650\" src=\"https:\/\/www.pironihotel.it\/wp-content\/uploads\/2025\/01\/sale-hotel-pironi-cannobio-6-650x650.jpg\" class=\"attachment-qi_addons_for_elementor_image_size_square size-qi_addons_for_elementor_image_size_square\" alt=\"Sale Pironi Hotel Cannobio\" srcset=\"https:\/\/www.pironihotel.it\/wp-content\/uploads\/2025\/01\/sale-hotel-pironi-cannobio-6-650x650.jpg 650w, https:\/\/www.pironihotel.it\/wp-content\/uploads\/2025\/01\/sale-hotel-pironi-cannobio-6-150x150.jpg 150w, https:\/\/www.pironihotel.it\/wp-content\/uploads\/2025\/01\/sale-hotel-pironi-cannobio-6-300x300.jpg 300w, https:\/\/www.pironihotel.it\/wp-content\/uploads\/2025\/01\/sale-hotel-pironi-cannobio-6-100x100.jpg 100w\" sizes=\"(max-width: 650px) 100vw, 650px\" \/>\t\t\t\t\t<\/a>\n\t\t\t<\/div>\n<\/div>\n<div class=\"qodef-e qodef-image-wrapper qodef-grid-item qodef-item--square\">\n\t<div class=\"qodef-e-inner\">\n\t\t\t\t\t<a class=\"qodef-popup-item\" itemprop=\"image\" href=\"https:\/\/www.pironihotel.it\/wp-content\/uploads\/2025\/01\/sale-hotel-pironi-cannobio-5.jpg\" data-type=\"image\" data-fslightbox=\"gallery-1\">\n\t\t\t\t\t<img loading=\"lazy\" decoding=\"async\" width=\"650\" height=\"650\" src=\"https:\/\/www.pironihotel.it\/wp-content\/uploads\/2025\/01\/sale-hotel-pironi-cannobio-5-650x650.jpg\" class=\"attachment-qi_addons_for_elementor_image_size_square size-qi_addons_for_elementor_image_size_square\" alt=\"Sale Pironi Hotel Cannobio\" srcset=\"https:\/\/www.pironihotel.it\/wp-content\/uploads\/2025\/01\/sale-hotel-pironi-cannobio-5-650x650.jpg 650w, https:\/\/www.pironihotel.it\/wp-content\/uploads\/2025\/01\/sale-hotel-pironi-cannobio-5-150x150.jpg 150w, https:\/\/www.pironihotel.it\/wp-content\/uploads\/2025\/01\/sale-hotel-pironi-cannobio-5-300x300.jpg 300w, https:\/\/www.pironihotel.it\/wp-content\/uploads\/2025\/01\/sale-hotel-pironi-cannobio-5-100x100.jpg 100w\" sizes=\"(max-width: 650px) 100vw, 650px\" \/>\t\t\t\t\t<\/a>\n\t\t\t<\/div>\n<\/div>\n<div class=\"qodef-e qodef-image-wrapper qodef-grid-item qodef-item--square\">\n\t<div class=\"qodef-e-inner\">\n\t\t\t\t\t<a class=\"qodef-popup-item\" itemprop=\"image\" href=\"https:\/\/www.pironihotel.it\/wp-content\/uploads\/2025\/01\/sale-hotel-pironi-cannobio-3.jpg\" data-type=\"image\" data-fslightbox=\"gallery-1\">\n\t\t\t\t\t<img loading=\"lazy\" decoding=\"async\" width=\"650\" height=\"650\" src=\"https:\/\/www.pironihotel.it\/wp-content\/uploads\/2025\/01\/sale-hotel-pironi-cannobio-3-650x650.jpg\" class=\"attachment-qi_addons_for_elementor_image_size_square size-qi_addons_for_elementor_image_size_square\" alt=\"Sale Pironi Hotel Cannobio\" srcset=\"https:\/\/www.pironihotel.it\/wp-content\/uploads\/2025\/01\/sale-hotel-pironi-cannobio-3-650x650.jpg 650w, https:\/\/www.pironihotel.it\/wp-content\/uploads\/2025\/01\/sale-hotel-pironi-cannobio-3-150x150.jpg 150w, https:\/\/www.pironihotel.it\/wp-content\/uploads\/2025\/01\/sale-hotel-pironi-cannobio-3-300x300.jpg 300w, https:\/\/www.pironihotel.it\/wp-content\/uploads\/2025\/01\/sale-hotel-pironi-cannobio-3-100x100.jpg 100w\" sizes=\"(max-width: 650px) 100vw, 650px\" \/>\t\t\t\t\t<\/a>\n\t\t\t<\/div>\n<\/div>\n<div class=\"qodef-e qodef-image-wrapper qodef-grid-item qodef-item--landscape\">\n\t<div class=\"qodef-e-inner\">\n\t\t\t\t\t<a class=\"qodef-popup-item\" itemprop=\"image\" href=\"https:\/\/www.pironihotel.it\/wp-content\/uploads\/2025\/01\/sale-hotel-pironi-cannobio-8.jpg\" data-type=\"image\" data-fslightbox=\"gallery-1\">\n\t\t\t\t\t<img loading=\"lazy\" decoding=\"async\" width=\"900\" height=\"650\" src=\"https:\/\/www.pironihotel.it\/wp-content\/uploads\/2025\/01\/sale-hotel-pironi-cannobio-8-900x650.jpg\" class=\"attachment-qi_addons_for_elementor_image_size_landscape size-qi_addons_for_elementor_image_size_landscape\" alt=\"Sale Pironi Hotel Cannobio\" \/>\t\t\t\t\t<\/a>\n\t\t\t<\/div>\n<\/div>\n<div class=\"qodef-e qodef-image-wrapper qodef-grid-item qodef-item--square\">\n\t<div class=\"qodef-e-inner\">\n\t\t\t\t\t<a class=\"qodef-popup-item\" itemprop=\"image\" href=\"https:\/\/www.pironihotel.it\/wp-content\/uploads\/2025\/01\/sale-hotel-pironi-cannobio-12.jpg\" data-type=\"image\" data-fslightbox=\"gallery-1\">\n\t\t\t\t\t<img loading=\"lazy\" decoding=\"async\" width=\"650\" height=\"650\" src=\"https:\/\/www.pironihotel.it\/wp-content\/uploads\/2025\/01\/sale-hotel-pironi-cannobio-12-650x650.jpg\" class=\"attachment-qi_addons_for_elementor_image_size_square size-qi_addons_for_elementor_image_size_square\" alt=\"Sale Pironi Hotel Cannobio\" srcset=\"https:\/\/www.pironihotel.it\/wp-content\/uploads\/2025\/01\/sale-hotel-pironi-cannobio-12-650x650.jpg 650w, https:\/\/www.pironihotel.it\/wp-content\/uploads\/2025\/01\/sale-hotel-pironi-cannobio-12-150x150.jpg 150w, https:\/\/www.pironihotel.it\/wp-content\/uploads\/2025\/01\/sale-hotel-pironi-cannobio-12-300x300.jpg 300w, https:\/\/www.pironihotel.it\/wp-content\/uploads\/2025\/01\/sale-hotel-pironi-cannobio-12-100x100.jpg 100w\" sizes=\"(max-width: 650px) 100vw, 650px\" \/>\t\t\t\t\t<\/a>\n\t\t\t<\/div>\n<\/div>\n\t<\/div>\n<\/div>\n\t\t\t\t<\/div>\n\t\t\t\t<\/div>\n\t\t\t\t\t<\/div>\n\t\t<\/div>\n\t\t\t\t\t<\/div>\n\t\t<\/section>\n\t\t\t\t<\/div>\n\t\t","protected":false},"excerpt":{"rendered":"<p>Espaces raffin\u00e9s et intemporels pour votre s\u00e9jour La mani\u00e8re id\u00e9ale pour commencer votre journ\u00e9e \u00e0 d\u00e9couvrir les beaut\u00e9s du Lac Majeur, est notre copieux petit d\u00e9jeuner \u00e0 buffet, servi dans la salle principale et dans la splendide salle du \u2018700. Un petit bijou o\u00f9 le temps semble s\u2019\u00eatre arr\u00eat\u00e9 : murs et plafonds sont enti\u00e8rement d\u00e9cor\u00e9s \u00e0 fresques, serrurerie en bois et sol en terre cuite \u00e0 deux couleurs beige et rouge avec ardoise noir, tous \u00e9l\u00e9ments encore original. Le salon au premier \u00e9tage est id\u00e9al pour lire, travailler et se relaxer. Un salon raffin\u00e9 et tranquille avec une merveilleuse chemin\u00e9e, o\u00f9 vous pouvez boire un caf\u00e9 ou un tee au coin self-service, ou utiliser l\u2019ordinateur \u00e0 disposition des clients aussi comme le Wi-Fi gratuit.<\/p>\n","protected":false},"author":2,"featured_media":0,"parent":19881,"menu_order":0,"comment_status":"closed","ping_status":"closed","template":"page-full-width.php","meta":{"footnotes":""},"class_list":["post-19875","page","type-page","status-publish","hentry"],"yoast_head":"<!-- This site is optimized with the Yoast SEO plugin v26.3 - https:\/\/yoast.com\/wordpress\/plugins\/seo\/ -->\n<title>Les sales du 1700 de l\u2019H\u00f4tel Pironi<\/title>\n<meta name=\"description\" content=\"Dans les salons de l\u2019H\u00f4tel Pironi vous pouvez vous plonger dans l\u2019atmosph\u00e8re du 1700, avec des fresques antiques qui feront de cadre \u00e0 votre petit d\u00e9jeuner ou aux moments de relax.\" \/>\n<meta name=\"robots\" content=\"index, follow, max-snippet:-1, max-image-preview:large, max-video-preview:-1\" \/>\n<link rel=\"canonical\" href=\"https:\/\/www.pironihotel.it\/fr\/hotel\/salles\/\" \/>\n<meta property=\"og:locale\" content=\"fr_FR\" \/>\n<meta property=\"og:type\" content=\"article\" \/>\n<meta property=\"og:title\" content=\"Les sales du 1700 de l\u2019H\u00f4tel Pironi\" \/>\n<meta property=\"og:description\" content=\"Dans les salons de l\u2019H\u00f4tel Pironi vous pouvez vous plonger dans l\u2019atmosph\u00e8re du 1700, avec des fresques antiques qui feront de cadre \u00e0 votre petit d\u00e9jeuner ou aux moments de relax.\" \/>\n<meta property=\"og:url\" content=\"https:\/\/www.pironihotel.it\/fr\/hotel\/salles\/\" \/>\n<meta property=\"og:site_name\" content=\"Pironi Hotel Cannobio\" \/>\n<meta property=\"article:publisher\" content=\"https:\/\/www.facebook.com\/pages\/Hotel-Pironi-Cannobio-Lago-Maggiore\/106828992705815\" \/>\n<meta property=\"article:modified_time\" content=\"2025-03-13T13:42:00+00:00\" \/>\n<meta property=\"og:image\" content=\"http:\/\/test.pironihotel.it\/wp-content\/uploads\/2025\/01\/sale-hotel-pironi-cannobio-2-650x1300.jpg\" \/>\n<meta name=\"twitter:card\" content=\"summary_large_image\" \/>\n<meta name=\"twitter:label1\" content=\"Dur\u00e9e de lecture estim\u00e9e\" \/>\n\t<meta name=\"twitter:data1\" content=\"1 minute\" \/>\n<script type=\"application\/ld+json\" class=\"yoast-schema-graph\">{\"@context\":\"https:\/\/schema.org\",\"@graph\":[{\"@type\":\"WebPage\",\"@id\":\"https:\/\/www.pironihotel.it\/fr\/hotel\/salles\/\",\"url\":\"https:\/\/www.pironihotel.it\/fr\/hotel\/salles\/\",\"name\":\"Les sales du 1700 de l\u2019H\u00f4tel Pironi\",\"isPartOf\":{\"@id\":\"https:\/\/www.pironihotel.it\/fr\/#website\"},\"primaryImageOfPage\":{\"@id\":\"https:\/\/www.pironihotel.it\/fr\/hotel\/salles\/#primaryimage\"},\"image\":{\"@id\":\"https:\/\/www.pironihotel.it\/fr\/hotel\/salles\/#primaryimage\"},\"thumbnailUrl\":\"http:\/\/test.pironihotel.it\/wp-content\/uploads\/2025\/01\/sale-hotel-pironi-cannobio-2-650x1300.jpg\",\"datePublished\":\"2025-01-16T09:26:24+00:00\",\"dateModified\":\"2025-03-13T13:42:00+00:00\",\"description\":\"Dans les salons de l\u2019H\u00f4tel Pironi vous pouvez vous plonger dans l\u2019atmosph\u00e8re du 1700, avec des fresques antiques qui feront de cadre \u00e0 votre petit d\u00e9jeuner ou aux moments de relax.\",\"breadcrumb\":{\"@id\":\"https:\/\/www.pironihotel.it\/fr\/hotel\/salles\/#breadcrumb\"},\"inLanguage\":\"fr-FR\",\"potentialAction\":[{\"@type\":\"ReadAction\",\"target\":[\"https:\/\/www.pironihotel.it\/fr\/hotel\/salles\/\"]}]},{\"@type\":\"ImageObject\",\"inLanguage\":\"fr-FR\",\"@id\":\"https:\/\/www.pironihotel.it\/fr\/hotel\/salles\/#primaryimage\",\"url\":\"http:\/\/test.pironihotel.it\/wp-content\/uploads\/2025\/01\/sale-hotel-pironi-cannobio-2-650x1300.jpg\",\"contentUrl\":\"http:\/\/test.pironihotel.it\/wp-content\/uploads\/2025\/01\/sale-hotel-pironi-cannobio-2-650x1300.jpg\"},{\"@type\":\"BreadcrumbList\",\"@id\":\"https:\/\/www.pironihotel.it\/fr\/hotel\/salles\/#breadcrumb\",\"itemListElement\":[{\"@type\":\"ListItem\",\"position\":1,\"name\":\"Home\",\"item\":\"https:\/\/www.pironihotel.it\/fr\/\"},{\"@type\":\"ListItem\",\"position\":2,\"name\":\"Hotel\",\"item\":\"https:\/\/www.pironihotel.it\/fr\/hotel\/\"},{\"@type\":\"ListItem\",\"position\":3,\"name\":\"Salles\"}]},{\"@type\":\"WebSite\",\"@id\":\"https:\/\/www.pironihotel.it\/fr\/#website\",\"url\":\"https:\/\/www.pironihotel.it\/fr\/\",\"name\":\"Pironi Hotel Cannobio\",\"description\":\"\",\"publisher\":{\"@id\":\"https:\/\/www.pironihotel.it\/fr\/#organization\"},\"potentialAction\":[{\"@type\":\"SearchAction\",\"target\":{\"@type\":\"EntryPoint\",\"urlTemplate\":\"https:\/\/www.pironihotel.it\/fr\/?s={search_term_string}\"},\"query-input\":{\"@type\":\"PropertyValueSpecification\",\"valueRequired\":true,\"valueName\":\"search_term_string\"}}],\"inLanguage\":\"fr-FR\"},{\"@type\":\"Organization\",\"@id\":\"https:\/\/www.pironihotel.it\/fr\/#organization\",\"name\":\"Pironi Hotel\",\"url\":\"https:\/\/www.pironihotel.it\/fr\/\",\"logo\":{\"@type\":\"ImageObject\",\"inLanguage\":\"fr-FR\",\"@id\":\"https:\/\/www.pironihotel.it\/fr\/#\/schema\/logo\/image\/\",\"url\":\"https:\/\/www.pironihotel.it\/wp-content\/uploads\/2025\/03\/logo-pironi.png\",\"contentUrl\":\"https:\/\/www.pironihotel.it\/wp-content\/uploads\/2025\/03\/logo-pironi.png\",\"width\":625,\"height\":330,\"caption\":\"Pironi Hotel\"},\"image\":{\"@id\":\"https:\/\/www.pironihotel.it\/fr\/#\/schema\/logo\/image\/\"},\"sameAs\":[\"https:\/\/www.facebook.com\/pages\/Hotel-Pironi-Cannobio-Lago-Maggiore\/106828992705815\",\"https:\/\/www.instagram.com\/hotelpironi\/\"]}]}<\/script>\n<!-- \/ Yoast SEO plugin. -->","yoast_head_json":{"title":"Les sales du 1700 de l\u2019H\u00f4tel Pironi","description":"Dans les salons de l\u2019H\u00f4tel Pironi vous pouvez vous plonger dans l\u2019atmosph\u00e8re du 1700, avec des fresques antiques qui feront de cadre \u00e0 votre petit d\u00e9jeuner ou aux moments de relax.","robots":{"index":"index","follow":"follow","max-snippet":"max-snippet:-1","max-image-preview":"max-image-preview:large","max-video-preview":"max-video-preview:-1"},"canonical":"https:\/\/www.pironihotel.it\/fr\/hotel\/salles\/","og_locale":"fr_FR","og_type":"article","og_title":"Les sales du 1700 de l\u2019H\u00f4tel Pironi","og_description":"Dans les salons de l\u2019H\u00f4tel Pironi vous pouvez vous plonger dans l\u2019atmosph\u00e8re du 1700, avec des fresques antiques qui feront de cadre \u00e0 votre petit d\u00e9jeuner ou aux moments de relax.","og_url":"https:\/\/www.pironihotel.it\/fr\/hotel\/salles\/","og_site_name":"Pironi Hotel Cannobio","article_publisher":"https:\/\/www.facebook.com\/pages\/Hotel-Pironi-Cannobio-Lago-Maggiore\/106828992705815","article_modified_time":"2025-03-13T13:42:00+00:00","og_image":[{"url":"http:\/\/test.pironihotel.it\/wp-content\/uploads\/2025\/01\/sale-hotel-pironi-cannobio-2-650x1300.jpg","type":"","width":"","height":""}],"twitter_card":"summary_large_image","twitter_misc":{"Dur\u00e9e de lecture estim\u00e9e":"1 minute"},"schema":{"@context":"https:\/\/schema.org","@graph":[{"@type":"WebPage","@id":"https:\/\/www.pironihotel.it\/fr\/hotel\/salles\/","url":"https:\/\/www.pironihotel.it\/fr\/hotel\/salles\/","name":"Les sales du 1700 de l\u2019H\u00f4tel Pironi","isPartOf":{"@id":"https:\/\/www.pironihotel.it\/fr\/#website"},"primaryImageOfPage":{"@id":"https:\/\/www.pironihotel.it\/fr\/hotel\/salles\/#primaryimage"},"image":{"@id":"https:\/\/www.pironihotel.it\/fr\/hotel\/salles\/#primaryimage"},"thumbnailUrl":"http:\/\/test.pironihotel.it\/wp-content\/uploads\/2025\/01\/sale-hotel-pironi-cannobio-2-650x1300.jpg","datePublished":"2025-01-16T09:26:24+00:00","dateModified":"2025-03-13T13:42:00+00:00","description":"Dans les salons de l\u2019H\u00f4tel Pironi vous pouvez vous plonger dans l\u2019atmosph\u00e8re du 1700, avec des fresques antiques qui feront de cadre \u00e0 votre petit d\u00e9jeuner ou aux moments de relax.","breadcrumb":{"@id":"https:\/\/www.pironihotel.it\/fr\/hotel\/salles\/#breadcrumb"},"inLanguage":"fr-FR","potentialAction":[{"@type":"ReadAction","target":["https:\/\/www.pironihotel.it\/fr\/hotel\/salles\/"]}]},{"@type":"ImageObject","inLanguage":"fr-FR","@id":"https:\/\/www.pironihotel.it\/fr\/hotel\/salles\/#primaryimage","url":"http:\/\/test.pironihotel.it\/wp-content\/uploads\/2025\/01\/sale-hotel-pironi-cannobio-2-650x1300.jpg","contentUrl":"http:\/\/test.pironihotel.it\/wp-content\/uploads\/2025\/01\/sale-hotel-pironi-cannobio-2-650x1300.jpg"},{"@type":"BreadcrumbList","@id":"https:\/\/www.pironihotel.it\/fr\/hotel\/salles\/#breadcrumb","itemListElement":[{"@type":"ListItem","position":1,"name":"Home","item":"https:\/\/www.pironihotel.it\/fr\/"},{"@type":"ListItem","position":2,"name":"Hotel","item":"https:\/\/www.pironihotel.it\/fr\/hotel\/"},{"@type":"ListItem","position":3,"name":"Salles"}]},{"@type":"WebSite","@id":"https:\/\/www.pironihotel.it\/fr\/#website","url":"https:\/\/www.pironihotel.it\/fr\/","name":"Pironi Hotel Cannobio","description":"","publisher":{"@id":"https:\/\/www.pironihotel.it\/fr\/#organization"},"potentialAction":[{"@type":"SearchAction","target":{"@type":"EntryPoint","urlTemplate":"https:\/\/www.pironihotel.it\/fr\/?s={search_term_string}"},"query-input":{"@type":"PropertyValueSpecification","valueRequired":true,"valueName":"search_term_string"}}],"inLanguage":"fr-FR"},{"@type":"Organization","@id":"https:\/\/www.pironihotel.it\/fr\/#organization","name":"Pironi Hotel","url":"https:\/\/www.pironihotel.it\/fr\/","logo":{"@type":"ImageObject","inLanguage":"fr-FR","@id":"https:\/\/www.pironihotel.it\/fr\/#\/schema\/logo\/image\/","url":"https:\/\/www.pironihotel.it\/wp-content\/uploads\/2025\/03\/logo-pironi.png","contentUrl":"https:\/\/www.pironihotel.it\/wp-content\/uploads\/2025\/03\/logo-pironi.png","width":625,"height":330,"caption":"Pironi Hotel"},"image":{"@id":"https:\/\/www.pironihotel.it\/fr\/#\/schema\/logo\/image\/"},"sameAs":["https:\/\/www.facebook.com\/pages\/Hotel-Pironi-Cannobio-Lago-Maggiore\/106828992705815","https:\/\/www.instagram.com\/hotelpironi\/"]}]}},"_links":{"self":[{"href":"https:\/\/www.pironihotel.it\/fr\/wp-json\/wp\/v2\/pages\/19875","targetHints":{"allow":["GET"]}}],"collection":[{"href":"https:\/\/www.pironihotel.it\/fr\/wp-json\/wp\/v2\/pages"}],"about":[{"href":"https:\/\/www.pironihotel.it\/fr\/wp-json\/wp\/v2\/types\/page"}],"author":[{"embeddable":true,"href":"https:\/\/www.pironihotel.it\/fr\/wp-json\/wp\/v2\/users\/2"}],"replies":[{"embeddable":true,"href":"https:\/\/www.pironihotel.it\/fr\/wp-json\/wp\/v2\/comments?post=19875"}],"version-history":[{"count":0,"href":"https:\/\/www.pironihotel.it\/fr\/wp-json\/wp\/v2\/pages\/19875\/revisions"}],"up":[{"embeddable":true,"href":"https:\/\/www.pironihotel.it\/fr\/wp-json\/wp\/v2\/pages\/19881"}],"wp:attachment":[{"href":"https:\/\/www.pironihotel.it\/fr\/wp-json\/wp\/v2\/media?parent=19875"}],"curies":[{"name":"wp","href":"https:\/\/api.w.org\/{rel}","templated":true}]}}