{"id":19881,"date":"2020-10-12T10:47:13","date_gmt":"2020-10-12T08:47:13","guid":{"rendered":"http:\/\/test.pironihotel.it\/hotel\/"},"modified":"2025-02-20T09:58:37","modified_gmt":"2025-02-20T08:58:37","slug":"hotel","status":"publish","type":"page","link":"https:\/\/www.pironihotel.it\/fr\/hotel\/","title":{"rendered":"Hotel"},"content":{"rendered":"\t\t<div data-elementor-type=\"wp-page\" data-elementor-id=\"19881\" class=\"elementor elementor-19881 elementor-5853\">\n\t\t\t\t\t\t<section class=\"elementor-section elementor-top-section elementor-element elementor-element-7093f4d elementor-section-boxed elementor-section-height-default elementor-section-height-default wpr-particle-no wpr-jarallax-no wpr-parallax-no wpr-sticky-section-no qodef-elementor-content-no\" data-id=\"7093f4d\" data-element_type=\"section\">\n\t\t\t\t\t\t<div class=\"elementor-container elementor-column-gap-default\">\n\t\t\t\t\t<div class=\"elementor-column elementor-col-100 elementor-top-column elementor-element elementor-element-c710fcc\" data-id=\"c710fcc\" data-element_type=\"column\">\n\t\t\t<div class=\"elementor-widget-wrap elementor-element-populated\">\n\t\t\t\t\t\t<div class=\"elementor-element elementor-element-ed5a3eb elementor-widget elementor-widget-reina_core_section_title\" data-id=\"ed5a3eb\" data-element_type=\"widget\" data-widget_type=\"reina_core_section_title.default\">\n\t\t\t\t<div class=\"elementor-widget-container\">\n\t\t\t\t\t<div class=\"qodef-shortcode qodef-m qodef-section-title\">\n\t<div class=\"qodef-m-heading\">\n\t\t\t\t\t<h1 class=\"qodef-m-title\" >\n\t\t\t\t\tUn h\u00f4tel de charme au coeur de Cannobio\t\t\t<\/h1>\n\t<\/div>\n\t\t<\/div>\t\t\t\t<\/div>\n\t\t\t\t<\/div>\n\t\t\t\t<div class=\"elementor-element elementor-element-0eca5c8 elementor-widget elementor-widget-text-editor\" data-id=\"0eca5c8\" data-element_type=\"widget\" data-widget_type=\"text-editor.default\">\n\t\t\t\t<div class=\"elementor-widget-container\">\n\t\t\t\t\t\t\t\t\t<p><strong>A\u2019 Cannobio, dans le cadre s\u00e9duisant du Lac Majeur<\/strong>, dans un ancien palais du XV si\u00e8cle, se trouve ce <strong>petit H\u00f4tel de charme<\/strong>, en origine couvent des moines franciscains.<\/p><p>La restauration, dans le respect des lignes architecturales pr\u00e9existantes, est arriv\u00e9 \u00e0 combiner une <strong>parfaite harmonie entre l\u2019ancien et la fonctionnalit\u00e9 moderne<\/strong> de l\u2019h\u00f4tel: l\u2019H\u00f4tel Pironi se pr\u00e9sente aujourd\u2019hui avec un ensemble de <strong>fresques antiques, de meubles d\u2019\u00e9poques, de plafonds vo\u00fbt\u00e9s, de colonnes m\u00e9di\u00e9vales en pierre et d\u2019ameublements modernes<\/strong>.<\/p><p>On vous attend \u00e0 l\u2019H\u00f4tel Pironi pour un s\u00e9jour inoubliable avec une magique atmosph\u00e8re, <strong>pr\u00e8s des rives du lac Majeur<\/strong>.<\/p>\t\t\t\t\t\t\t\t<\/div>\n\t\t\t\t<\/div>\n\t\t\t\t<div class=\"elementor-element elementor-element-7cd20f4 elementor-widget elementor-widget-reina_core_button\" data-id=\"7cd20f4\" data-element_type=\"widget\" data-widget_type=\"reina_core_button.default\">\n\t\t\t\t<div class=\"elementor-widget-container\">\n\t\t\t\t\t<a class=\"qodef-shortcode qodef-m qodef-button qodef-layout--filled qodef-html--link\" href=\"https:\/\/booking.ericsoft.com\/BookingEngine\/Book?idh=50C782440CCA60AE\" target=\"_blank\"  style=\"background-color: #B5ACA1\">\n\t<span class=\"qodef-m-text\">R\u00e9servez votre s\u00e9jour<\/span>\n\t<span class=\"qodef-m-background\" style=\"color: #77695C\"><\/span>\n<\/a>\n\t\t\t\t<\/div>\n\t\t\t\t<\/div>\n\t\t\t\t\t<\/div>\n\t\t<\/div>\n\t\t\t\t\t<\/div>\n\t\t<\/section>\n\t\t\t\t<section class=\"elementor-section elementor-top-section elementor-element elementor-element-c100a0e elementor-section-boxed elementor-section-height-default elementor-section-height-default wpr-particle-no wpr-jarallax-no wpr-parallax-no wpr-sticky-section-no qodef-elementor-content-no\" data-id=\"c100a0e\" data-element_type=\"section\">\n\t\t\t\t\t\t<div class=\"elementor-container elementor-column-gap-default\">\n\t\t\t\t\t<div class=\"elementor-column elementor-col-100 elementor-top-column elementor-element elementor-element-da96b57\" data-id=\"da96b57\" data-element_type=\"column\">\n\t\t\t<div class=\"elementor-widget-wrap elementor-element-populated\">\n\t\t\t\t\t\t<div class=\"elementor-element elementor-element-912375a elementor-widget elementor-widget-qi_addons_for_elementor_image_gallery_masonry\" data-id=\"912375a\" data-element_type=\"widget\" data-widget_type=\"qi_addons_for_elementor_image_gallery_masonry.default\">\n\t\t\t\t<div class=\"elementor-widget-container\">\n\t\t\t\t\t<div class=\"qodef-shortcode qodef-m qodef-qi-image-gallery-masonry qodef-qi-fslightbox-popup qodef-popup-gallery qodef-image--hover-zoom qodef-qi-grid qodef-layout--qi-masonry qodef-items--fixed qodef-col-num--3 qodef-responsive--predefined\">\n\t<div class=\"qodef-grid-inner\">\n\t\t\t<div class=\"qodef-qi-grid-masonry-sizer\"><\/div>\n<div class=\"qodef-e qodef-image-wrapper qodef-grid-item qodef-item--portrait\">\n\t<div class=\"qodef-e-inner\">\n\t\t\t\t\t<a class=\"qodef-popup-item\" itemprop=\"image\" href=\"https:\/\/www.pironihotel.it\/wp-content\/uploads\/2025\/01\/hotel-pironi-cannobio-8.jpg\" data-type=\"image\" data-fslightbox=\"gallery-1\">\n\t\t\t\t\t<img fetchpriority=\"high\" decoding=\"async\" width=\"650\" height=\"1300\" src=\"https:\/\/www.pironihotel.it\/wp-content\/uploads\/2025\/01\/hotel-pironi-cannobio-8-650x1300.jpg\" class=\"attachment-qi_addons_for_elementor_image_size_portrait size-qi_addons_for_elementor_image_size_portrait\" alt=\"Hotel Pironi, storico hotel nel centro di Cannobio sul Lago Maggiore\" \/>\t\t\t\t\t<\/a>\n\t\t\t<\/div>\n<\/div>\n<div class=\"qodef-e qodef-image-wrapper qodef-grid-item qodef-item--square\">\n\t<div class=\"qodef-e-inner\">\n\t\t\t\t\t<a class=\"qodef-popup-item\" itemprop=\"image\" href=\"https:\/\/www.pironihotel.it\/wp-content\/uploads\/2025\/01\/hotel-pironi-cannobio-15.jpg\" data-type=\"image\" data-fslightbox=\"gallery-1\">\n\t\t\t\t\t<img decoding=\"async\" width=\"650\" height=\"650\" src=\"https:\/\/www.pironihotel.it\/wp-content\/uploads\/2025\/01\/hotel-pironi-cannobio-15-650x650.jpg\" class=\"attachment-qi_addons_for_elementor_image_size_square size-qi_addons_for_elementor_image_size_square\" alt=\"Antica insegna Pironi Hotel Cannobio\" srcset=\"https:\/\/www.pironihotel.it\/wp-content\/uploads\/2025\/01\/hotel-pironi-cannobio-15-650x650.jpg 650w, https:\/\/www.pironihotel.it\/wp-content\/uploads\/2025\/01\/hotel-pironi-cannobio-15-150x150.jpg 150w, https:\/\/www.pironihotel.it\/wp-content\/uploads\/2025\/01\/hotel-pironi-cannobio-15-300x300.jpg 300w, https:\/\/www.pironihotel.it\/wp-content\/uploads\/2025\/01\/hotel-pironi-cannobio-15-100x100.jpg 100w\" sizes=\"(max-width: 650px) 100vw, 650px\" \/>\t\t\t\t\t<\/a>\n\t\t\t<\/div>\n<\/div>\n<div class=\"qodef-e qodef-image-wrapper qodef-grid-item qodef-item--square\">\n\t<div class=\"qodef-e-inner\">\n\t\t\t\t\t<a class=\"qodef-popup-item\" itemprop=\"image\" href=\"https:\/\/www.pironihotel.it\/wp-content\/uploads\/2025\/01\/hotel-pironi-cannobio-12.jpg\" data-type=\"image\" data-fslightbox=\"gallery-1\">\n\t\t\t\t\t<img decoding=\"async\" width=\"650\" height=\"650\" src=\"https:\/\/www.pironihotel.it\/wp-content\/uploads\/2025\/01\/hotel-pironi-cannobio-12-650x650.jpg\" class=\"attachment-qi_addons_for_elementor_image_size_square size-qi_addons_for_elementor_image_size_square\" alt=\"Pironi Hotel Cannobio\" srcset=\"https:\/\/www.pironihotel.it\/wp-content\/uploads\/2025\/01\/hotel-pironi-cannobio-12-650x650.jpg 650w, https:\/\/www.pironihotel.it\/wp-content\/uploads\/2025\/01\/hotel-pironi-cannobio-12-150x150.jpg 150w, https:\/\/www.pironihotel.it\/wp-content\/uploads\/2025\/01\/hotel-pironi-cannobio-12-300x300.jpg 300w, https:\/\/www.pironihotel.it\/wp-content\/uploads\/2025\/01\/hotel-pironi-cannobio-12-100x100.jpg 100w\" sizes=\"(max-width: 650px) 100vw, 650px\" \/>\t\t\t\t\t<\/a>\n\t\t\t<\/div>\n<\/div>\n<div class=\"qodef-e qodef-image-wrapper qodef-grid-item qodef-item--landscape\">\n\t<div class=\"qodef-e-inner\">\n\t\t\t\t\t<a class=\"qodef-popup-item\" itemprop=\"image\" href=\"https:\/\/www.pironihotel.it\/wp-content\/uploads\/2025\/01\/hotel-pironi-cannobio-16.jpg\" data-type=\"image\" data-fslightbox=\"gallery-1\">\n\t\t\t\t\t<img loading=\"lazy\" decoding=\"async\" width=\"1300\" height=\"650\" src=\"https:\/\/www.pironihotel.it\/wp-content\/uploads\/2025\/01\/hotel-pironi-cannobio-16-1300x650.jpg\" class=\"attachment-qi_addons_for_elementor_image_size_landscape size-qi_addons_for_elementor_image_size_landscape\" alt=\"Reception Pironi Hotel Cannobio\" \/>\t\t\t\t\t<\/a>\n\t\t\t<\/div>\n<\/div>\n<div class=\"qodef-e qodef-image-wrapper qodef-grid-item qodef-item--square\">\n\t<div class=\"qodef-e-inner\">\n\t\t\t\t\t<a class=\"qodef-popup-item\" itemprop=\"image\" href=\"https:\/\/www.pironihotel.it\/wp-content\/uploads\/2025\/01\/hotel-pironi-cannobio-9.jpg\" data-type=\"image\" data-fslightbox=\"gallery-1\">\n\t\t\t\t\t<img loading=\"lazy\" decoding=\"async\" width=\"650\" height=\"650\" src=\"https:\/\/www.pironihotel.it\/wp-content\/uploads\/2025\/01\/hotel-pironi-cannobio-9-650x650.jpg\" class=\"attachment-qi_addons_for_elementor_image_size_square size-qi_addons_for_elementor_image_size_square\" alt=\"Pironi Hotel Cannobio\" srcset=\"https:\/\/www.pironihotel.it\/wp-content\/uploads\/2025\/01\/hotel-pironi-cannobio-9-650x650.jpg 650w, https:\/\/www.pironihotel.it\/wp-content\/uploads\/2025\/01\/hotel-pironi-cannobio-9-150x150.jpg 150w, https:\/\/www.pironihotel.it\/wp-content\/uploads\/2025\/01\/hotel-pironi-cannobio-9-300x300.jpg 300w, https:\/\/www.pironihotel.it\/wp-content\/uploads\/2025\/01\/hotel-pironi-cannobio-9-100x100.jpg 100w\" sizes=\"(max-width: 650px) 100vw, 650px\" \/>\t\t\t\t\t<\/a>\n\t\t\t<\/div>\n<\/div>\n<div class=\"qodef-e qodef-image-wrapper qodef-grid-item qodef-item--square\">\n\t<div class=\"qodef-e-inner\">\n\t\t\t\t\t<a class=\"qodef-popup-item\" itemprop=\"image\" href=\"https:\/\/www.pironihotel.it\/wp-content\/uploads\/2025\/01\/hotel-pironi-cannobio-4.jpg\" data-type=\"image\" data-fslightbox=\"gallery-1\">\n\t\t\t\t\t<img loading=\"lazy\" decoding=\"async\" width=\"650\" height=\"650\" src=\"https:\/\/www.pironihotel.it\/wp-content\/uploads\/2025\/01\/hotel-pironi-cannobio-4-650x650.jpg\" class=\"attachment-qi_addons_for_elementor_image_size_square size-qi_addons_for_elementor_image_size_square\" alt=\"Ingresso Pironi Hotel Cannobio\" srcset=\"https:\/\/www.pironihotel.it\/wp-content\/uploads\/2025\/01\/hotel-pironi-cannobio-4-650x650.jpg 650w, https:\/\/www.pironihotel.it\/wp-content\/uploads\/2025\/01\/hotel-pironi-cannobio-4-150x150.jpg 150w, https:\/\/www.pironihotel.it\/wp-content\/uploads\/2025\/01\/hotel-pironi-cannobio-4-300x300.jpg 300w, https:\/\/www.pironihotel.it\/wp-content\/uploads\/2025\/01\/hotel-pironi-cannobio-4-100x100.jpg 100w\" sizes=\"(max-width: 650px) 100vw, 650px\" \/>\t\t\t\t\t<\/a>\n\t\t\t<\/div>\n<\/div>\n<div class=\"qodef-e qodef-image-wrapper qodef-grid-item qodef-item--square\">\n\t<div class=\"qodef-e-inner\">\n\t\t\t\t\t<a class=\"qodef-popup-item\" itemprop=\"image\" href=\"https:\/\/www.pironihotel.it\/wp-content\/uploads\/2025\/01\/hotel-pironi-3.jpg\" data-type=\"image\" data-fslightbox=\"gallery-1\">\n\t\t\t\t\t<img loading=\"lazy\" decoding=\"async\" width=\"650\" height=\"650\" src=\"https:\/\/www.pironihotel.it\/wp-content\/uploads\/2025\/01\/hotel-pironi-3-650x650.jpg\" class=\"attachment-qi_addons_for_elementor_image_size_square size-qi_addons_for_elementor_image_size_square\" alt=\"Reception Pironi Hotel Cannobio\" srcset=\"https:\/\/www.pironihotel.it\/wp-content\/uploads\/2025\/01\/hotel-pironi-3-650x650.jpg 650w, https:\/\/www.pironihotel.it\/wp-content\/uploads\/2025\/01\/hotel-pironi-3-150x150.jpg 150w, https:\/\/www.pironihotel.it\/wp-content\/uploads\/2025\/01\/hotel-pironi-3-300x300.jpg 300w, https:\/\/www.pironihotel.it\/wp-content\/uploads\/2025\/01\/hotel-pironi-3-100x100.jpg 100w\" sizes=\"(max-width: 650px) 100vw, 650px\" \/>\t\t\t\t\t<\/a>\n\t\t\t<\/div>\n<\/div>\n<div class=\"qodef-e qodef-image-wrapper qodef-grid-item qodef-item--landscape\">\n\t<div class=\"qodef-e-inner\">\n\t\t\t\t\t<a class=\"qodef-popup-item\" itemprop=\"image\" href=\"https:\/\/www.pironihotel.it\/wp-content\/uploads\/2025\/01\/hotel-pironi-cannobio-17.jpg\" data-type=\"image\" data-fslightbox=\"gallery-1\">\n\t\t\t\t\t<img loading=\"lazy\" decoding=\"async\" width=\"1300\" height=\"650\" src=\"https:\/\/www.pironihotel.it\/wp-content\/uploads\/2025\/01\/hotel-pironi-cannobio-17-1300x650.jpg\" class=\"attachment-qi_addons_for_elementor_image_size_landscape size-qi_addons_for_elementor_image_size_landscape\" alt=\"Portico affrescato Pironi Hotel Cannobio\" \/>\t\t\t\t\t<\/a>\n\t\t\t<\/div>\n<\/div>\n<div class=\"qodef-e qodef-image-wrapper qodef-grid-item qodef-item--square\">\n\t<div class=\"qodef-e-inner\">\n\t\t\t\t\t<a class=\"qodef-popup-item\" itemprop=\"image\" href=\"https:\/\/www.pironihotel.it\/wp-content\/uploads\/2025\/01\/hotel-pironi-cannobio-3.jpg\" data-type=\"image\" data-fslightbox=\"gallery-1\">\n\t\t\t\t\t<img loading=\"lazy\" decoding=\"async\" width=\"650\" height=\"650\" src=\"https:\/\/www.pironihotel.it\/wp-content\/uploads\/2025\/01\/hotel-pironi-cannobio-3-650x650.jpg\" class=\"attachment-qi_addons_for_elementor_image_size_square size-qi_addons_for_elementor_image_size_square\" alt=\"Pironi Hotel Cannobio\" srcset=\"https:\/\/www.pironihotel.it\/wp-content\/uploads\/2025\/01\/hotel-pironi-cannobio-3-650x650.jpg 650w, https:\/\/www.pironihotel.it\/wp-content\/uploads\/2025\/01\/hotel-pironi-cannobio-3-150x150.jpg 150w, https:\/\/www.pironihotel.it\/wp-content\/uploads\/2025\/01\/hotel-pironi-cannobio-3-300x300.jpg 300w, https:\/\/www.pironihotel.it\/wp-content\/uploads\/2025\/01\/hotel-pironi-cannobio-3-100x100.jpg 100w\" sizes=\"(max-width: 650px) 100vw, 650px\" \/>\t\t\t\t\t<\/a>\n\t\t\t<\/div>\n<\/div>\n\t<\/div>\n<\/div>\n\t\t\t\t<\/div>\n\t\t\t\t<\/div>\n\t\t\t\t\t<\/div>\n\t\t<\/div>\n\t\t\t\t\t<\/div>\n\t\t<\/section>\n\t\t\t\t<\/div>\n\t\t","protected":false},"excerpt":{"rendered":"<p>Un h\u00f4tel de charme au coeur de Cannobio A\u2019 Cannobio, dans le cadre s\u00e9duisant du Lac Majeur, dans un ancien palais du XV si\u00e8cle, se trouve ce petit H\u00f4tel de charme, en origine couvent des moines franciscains. La restauration, dans le respect des lignes architecturales pr\u00e9existantes, est arriv\u00e9 \u00e0 combiner une parfaite harmonie entre l\u2019ancien et la fonctionnalit\u00e9 moderne de l\u2019h\u00f4tel: l\u2019H\u00f4tel Pironi se pr\u00e9sente aujourd\u2019hui avec un ensemble de fresques antiques, de meubles d\u2019\u00e9poques, de plafonds vo\u00fbt\u00e9s, de colonnes m\u00e9di\u00e9vales en pierre et d\u2019ameublements modernes. On vous attend \u00e0 l\u2019H\u00f4tel Pironi pour un s\u00e9jour inoubliable avec une magique atmosph\u00e8re, pr\u00e8s des rives du lac Majeur. R\u00e9servez votre s\u00e9jour<\/p>\n","protected":false},"author":2,"featured_media":0,"parent":0,"menu_order":0,"comment_status":"closed","ping_status":"closed","template":"page-full-width.php","meta":{"footnotes":""},"class_list":["post-19881","page","type-page","status-publish","hentry"],"yoast_head":"<!-- This site is optimized with the Yoast SEO plugin v26.3 - https:\/\/yoast.com\/wordpress\/plugins\/seo\/ -->\n<title>H\u00f4tel Pironi, elegance et histoire dans le cadre du Lac Majeur<\/title>\n<meta name=\"description\" content=\"L\u2019H\u00f4tel Pironi \u00e0 \u00e9t\u00e9 restaur\u00e9 dans le respect de l\u2019histoire du palais , meubl\u00e9 avec meubles d\u2019\u00e9poque pour ne pas perdre le charme du XV si\u00e8cle.\" \/>\n<meta name=\"robots\" content=\"index, follow, max-snippet:-1, max-image-preview:large, max-video-preview:-1\" \/>\n<link rel=\"canonical\" href=\"https:\/\/www.pironihotel.it\/fr\/hotel\/\" \/>\n<meta property=\"og:locale\" content=\"fr_FR\" \/>\n<meta property=\"og:type\" content=\"article\" \/>\n<meta property=\"og:title\" content=\"H\u00f4tel Pironi, elegance et histoire dans le cadre du Lac Majeur\" \/>\n<meta property=\"og:description\" content=\"L\u2019H\u00f4tel Pironi \u00e0 \u00e9t\u00e9 restaur\u00e9 dans le respect de l\u2019histoire du palais , meubl\u00e9 avec meubles d\u2019\u00e9poque pour ne pas perdre le charme du XV si\u00e8cle.\" \/>\n<meta property=\"og:url\" content=\"https:\/\/www.pironihotel.it\/fr\/hotel\/\" \/>\n<meta property=\"og:site_name\" content=\"Pironi Hotel Cannobio\" \/>\n<meta property=\"article:publisher\" content=\"https:\/\/www.facebook.com\/pages\/Hotel-Pironi-Cannobio-Lago-Maggiore\/106828992705815\" \/>\n<meta property=\"article:modified_time\" content=\"2025-02-20T08:58:37+00:00\" \/>\n<meta property=\"og:image\" content=\"http:\/\/test.pironihotel.it\/wp-content\/uploads\/2025\/01\/hotel-pironi-cannobio-8-650x1300.jpg\" \/>\n<meta name=\"twitter:card\" content=\"summary_large_image\" \/>\n<meta name=\"twitter:label1\" content=\"Dur\u00e9e de lecture estim\u00e9e\" \/>\n\t<meta name=\"twitter:data1\" content=\"1 minute\" \/>\n<script type=\"application\/ld+json\" class=\"yoast-schema-graph\">{\"@context\":\"https:\/\/schema.org\",\"@graph\":[{\"@type\":\"WebPage\",\"@id\":\"https:\/\/www.pironihotel.it\/fr\/hotel\/\",\"url\":\"https:\/\/www.pironihotel.it\/fr\/hotel\/\",\"name\":\"H\u00f4tel Pironi, elegance et histoire dans le cadre du Lac Majeur\",\"isPartOf\":{\"@id\":\"https:\/\/www.pironihotel.it\/fr\/#website\"},\"primaryImageOfPage\":{\"@id\":\"https:\/\/www.pironihotel.it\/fr\/hotel\/#primaryimage\"},\"image\":{\"@id\":\"https:\/\/www.pironihotel.it\/fr\/hotel\/#primaryimage\"},\"thumbnailUrl\":\"http:\/\/test.pironihotel.it\/wp-content\/uploads\/2025\/01\/hotel-pironi-cannobio-8-650x1300.jpg\",\"datePublished\":\"2020-10-12T08:47:13+00:00\",\"dateModified\":\"2025-02-20T08:58:37+00:00\",\"description\":\"L\u2019H\u00f4tel Pironi \u00e0 \u00e9t\u00e9 restaur\u00e9 dans le respect de l\u2019histoire du palais , meubl\u00e9 avec meubles d\u2019\u00e9poque pour ne pas perdre le charme du XV si\u00e8cle.\",\"breadcrumb\":{\"@id\":\"https:\/\/www.pironihotel.it\/fr\/hotel\/#breadcrumb\"},\"inLanguage\":\"fr-FR\",\"potentialAction\":[{\"@type\":\"ReadAction\",\"target\":[\"https:\/\/www.pironihotel.it\/fr\/hotel\/\"]}]},{\"@type\":\"ImageObject\",\"inLanguage\":\"fr-FR\",\"@id\":\"https:\/\/www.pironihotel.it\/fr\/hotel\/#primaryimage\",\"url\":\"http:\/\/test.pironihotel.it\/wp-content\/uploads\/2025\/01\/hotel-pironi-cannobio-8-650x1300.jpg\",\"contentUrl\":\"http:\/\/test.pironihotel.it\/wp-content\/uploads\/2025\/01\/hotel-pironi-cannobio-8-650x1300.jpg\"},{\"@type\":\"BreadcrumbList\",\"@id\":\"https:\/\/www.pironihotel.it\/fr\/hotel\/#breadcrumb\",\"itemListElement\":[{\"@type\":\"ListItem\",\"position\":1,\"name\":\"Home\",\"item\":\"https:\/\/www.pironihotel.it\/fr\/\"},{\"@type\":\"ListItem\",\"position\":2,\"name\":\"Hotel\"}]},{\"@type\":\"WebSite\",\"@id\":\"https:\/\/www.pironihotel.it\/fr\/#website\",\"url\":\"https:\/\/www.pironihotel.it\/fr\/\",\"name\":\"Pironi Hotel Cannobio\",\"description\":\"\",\"publisher\":{\"@id\":\"https:\/\/www.pironihotel.it\/fr\/#organization\"},\"potentialAction\":[{\"@type\":\"SearchAction\",\"target\":{\"@type\":\"EntryPoint\",\"urlTemplate\":\"https:\/\/www.pironihotel.it\/fr\/?s={search_term_string}\"},\"query-input\":{\"@type\":\"PropertyValueSpecification\",\"valueRequired\":true,\"valueName\":\"search_term_string\"}}],\"inLanguage\":\"fr-FR\"},{\"@type\":\"Organization\",\"@id\":\"https:\/\/www.pironihotel.it\/fr\/#organization\",\"name\":\"Pironi Hotel\",\"url\":\"https:\/\/www.pironihotel.it\/fr\/\",\"logo\":{\"@type\":\"ImageObject\",\"inLanguage\":\"fr-FR\",\"@id\":\"https:\/\/www.pironihotel.it\/fr\/#\/schema\/logo\/image\/\",\"url\":\"https:\/\/www.pironihotel.it\/wp-content\/uploads\/2025\/03\/logo-pironi.png\",\"contentUrl\":\"https:\/\/www.pironihotel.it\/wp-content\/uploads\/2025\/03\/logo-pironi.png\",\"width\":625,\"height\":330,\"caption\":\"Pironi Hotel\"},\"image\":{\"@id\":\"https:\/\/www.pironihotel.it\/fr\/#\/schema\/logo\/image\/\"},\"sameAs\":[\"https:\/\/www.facebook.com\/pages\/Hotel-Pironi-Cannobio-Lago-Maggiore\/106828992705815\",\"https:\/\/www.instagram.com\/hotelpironi\/\"]}]}<\/script>\n<!-- \/ Yoast SEO plugin. -->","yoast_head_json":{"title":"H\u00f4tel Pironi, elegance et histoire dans le cadre du Lac Majeur","description":"L\u2019H\u00f4tel Pironi \u00e0 \u00e9t\u00e9 restaur\u00e9 dans le respect de l\u2019histoire du palais , meubl\u00e9 avec meubles d\u2019\u00e9poque pour ne pas perdre le charme du XV si\u00e8cle.","robots":{"index":"index","follow":"follow","max-snippet":"max-snippet:-1","max-image-preview":"max-image-preview:large","max-video-preview":"max-video-preview:-1"},"canonical":"https:\/\/www.pironihotel.it\/fr\/hotel\/","og_locale":"fr_FR","og_type":"article","og_title":"H\u00f4tel Pironi, elegance et histoire dans le cadre du Lac Majeur","og_description":"L\u2019H\u00f4tel Pironi \u00e0 \u00e9t\u00e9 restaur\u00e9 dans le respect de l\u2019histoire du palais , meubl\u00e9 avec meubles d\u2019\u00e9poque pour ne pas perdre le charme du XV si\u00e8cle.","og_url":"https:\/\/www.pironihotel.it\/fr\/hotel\/","og_site_name":"Pironi Hotel Cannobio","article_publisher":"https:\/\/www.facebook.com\/pages\/Hotel-Pironi-Cannobio-Lago-Maggiore\/106828992705815","article_modified_time":"2025-02-20T08:58:37+00:00","og_image":[{"url":"http:\/\/test.pironihotel.it\/wp-content\/uploads\/2025\/01\/hotel-pironi-cannobio-8-650x1300.jpg","type":"","width":"","height":""}],"twitter_card":"summary_large_image","twitter_misc":{"Dur\u00e9e de lecture estim\u00e9e":"1 minute"},"schema":{"@context":"https:\/\/schema.org","@graph":[{"@type":"WebPage","@id":"https:\/\/www.pironihotel.it\/fr\/hotel\/","url":"https:\/\/www.pironihotel.it\/fr\/hotel\/","name":"H\u00f4tel Pironi, elegance et histoire dans le cadre du Lac Majeur","isPartOf":{"@id":"https:\/\/www.pironihotel.it\/fr\/#website"},"primaryImageOfPage":{"@id":"https:\/\/www.pironihotel.it\/fr\/hotel\/#primaryimage"},"image":{"@id":"https:\/\/www.pironihotel.it\/fr\/hotel\/#primaryimage"},"thumbnailUrl":"http:\/\/test.pironihotel.it\/wp-content\/uploads\/2025\/01\/hotel-pironi-cannobio-8-650x1300.jpg","datePublished":"2020-10-12T08:47:13+00:00","dateModified":"2025-02-20T08:58:37+00:00","description":"L\u2019H\u00f4tel Pironi \u00e0 \u00e9t\u00e9 restaur\u00e9 dans le respect de l\u2019histoire du palais , meubl\u00e9 avec meubles d\u2019\u00e9poque pour ne pas perdre le charme du XV si\u00e8cle.","breadcrumb":{"@id":"https:\/\/www.pironihotel.it\/fr\/hotel\/#breadcrumb"},"inLanguage":"fr-FR","potentialAction":[{"@type":"ReadAction","target":["https:\/\/www.pironihotel.it\/fr\/hotel\/"]}]},{"@type":"ImageObject","inLanguage":"fr-FR","@id":"https:\/\/www.pironihotel.it\/fr\/hotel\/#primaryimage","url":"http:\/\/test.pironihotel.it\/wp-content\/uploads\/2025\/01\/hotel-pironi-cannobio-8-650x1300.jpg","contentUrl":"http:\/\/test.pironihotel.it\/wp-content\/uploads\/2025\/01\/hotel-pironi-cannobio-8-650x1300.jpg"},{"@type":"BreadcrumbList","@id":"https:\/\/www.pironihotel.it\/fr\/hotel\/#breadcrumb","itemListElement":[{"@type":"ListItem","position":1,"name":"Home","item":"https:\/\/www.pironihotel.it\/fr\/"},{"@type":"ListItem","position":2,"name":"Hotel"}]},{"@type":"WebSite","@id":"https:\/\/www.pironihotel.it\/fr\/#website","url":"https:\/\/www.pironihotel.it\/fr\/","name":"Pironi Hotel Cannobio","description":"","publisher":{"@id":"https:\/\/www.pironihotel.it\/fr\/#organization"},"potentialAction":[{"@type":"SearchAction","target":{"@type":"EntryPoint","urlTemplate":"https:\/\/www.pironihotel.it\/fr\/?s={search_term_string}"},"query-input":{"@type":"PropertyValueSpecification","valueRequired":true,"valueName":"search_term_string"}}],"inLanguage":"fr-FR"},{"@type":"Organization","@id":"https:\/\/www.pironihotel.it\/fr\/#organization","name":"Pironi Hotel","url":"https:\/\/www.pironihotel.it\/fr\/","logo":{"@type":"ImageObject","inLanguage":"fr-FR","@id":"https:\/\/www.pironihotel.it\/fr\/#\/schema\/logo\/image\/","url":"https:\/\/www.pironihotel.it\/wp-content\/uploads\/2025\/03\/logo-pironi.png","contentUrl":"https:\/\/www.pironihotel.it\/wp-content\/uploads\/2025\/03\/logo-pironi.png","width":625,"height":330,"caption":"Pironi Hotel"},"image":{"@id":"https:\/\/www.pironihotel.it\/fr\/#\/schema\/logo\/image\/"},"sameAs":["https:\/\/www.facebook.com\/pages\/Hotel-Pironi-Cannobio-Lago-Maggiore\/106828992705815","https:\/\/www.instagram.com\/hotelpironi\/"]}]}},"_links":{"self":[{"href":"https:\/\/www.pironihotel.it\/fr\/wp-json\/wp\/v2\/pages\/19881","targetHints":{"allow":["GET"]}}],"collection":[{"href":"https:\/\/www.pironihotel.it\/fr\/wp-json\/wp\/v2\/pages"}],"about":[{"href":"https:\/\/www.pironihotel.it\/fr\/wp-json\/wp\/v2\/types\/page"}],"author":[{"embeddable":true,"href":"https:\/\/www.pironihotel.it\/fr\/wp-json\/wp\/v2\/users\/2"}],"replies":[{"embeddable":true,"href":"https:\/\/www.pironihotel.it\/fr\/wp-json\/wp\/v2\/comments?post=19881"}],"version-history":[{"count":0,"href":"https:\/\/www.pironihotel.it\/fr\/wp-json\/wp\/v2\/pages\/19881\/revisions"}],"wp:attachment":[{"href":"https:\/\/www.pironihotel.it\/fr\/wp-json\/wp\/v2\/media?parent=19881"}],"curies":[{"name":"wp","href":"https:\/\/api.w.org\/{rel}","templated":true}]}}